{"id":1579,"date":"2022-07-07T18:15:13","date_gmt":"2022-07-07T18:15:13","guid":{"rendered":"https:\/\/www.fundaciongeniales.org\/web.fundaciongeniales.org\/?post_type=product&#038;p=1579"},"modified":"2022-09-16T14:10:04","modified_gmt":"2022-09-16T14:10:04","slug":"5-huellas","status":"publish","type":"product","link":"https:\/\/www.fundaciongeniales.org\/en\/product\/5-huellas\/","title":{"rendered":"5 Huellas"},"content":{"rendered":"","protected":false},"excerpt":{"rendered":"<ul>\r\n \t<li>Acceso a 8 m\u00f3dulos del Programa Geniales Virtual durante el a\u00f1o.<\/li>\r\n \t<li>Acceso a cursos de formaci\u00f3n complementaria todo el a\u00f1o tambi\u00e9n en plataforma.<\/li>\r\n \t<li>Acceso a eventos virtuales y presenciales de la Fundaci\u00f3n.<\/li>\r\n \t<li>Acceso a un grupo cerrado para compartir ideas en Facebook.<\/li>\r\n \t<li>Oportunidad de compartir tus conocimientos creando un curso* corto sobre un tema espec\u00edfico**<\/li>\r\n \t<li>Acceso a cuatro sesiones de coaching personalizado durante el a\u00f1o.<\/li>\r\n \t<li>Generar ingresos adicionales promoviendo el Programa Geniales a tu red de contactos, empresas e instituciones. &#8211; Promotor Programa Geniales: 10% por cada venta efectiva.<\/li>\r\n<\/ul>","protected":false},"featured_media":959,"template":"","meta":{"_kad_post_transparent":"default","_kad_post_title":"","_kad_post_layout":"default","_kad_post_sidebar_id":"","_kad_post_content_style":"default","_kad_post_vertical_padding":"default","_kad_post_feature":"","_kad_post_feature_position":"","_kad_post_header":false,"_kad_post_footer":false,"_kad_post_classname":"","_vp_format_video_url":"","_vp_image_focal_point":[]},"product_brand":[],"product_cat":[28],"product_tag":[],"class_list":{"0":"post-1579","1":"product","2":"type-product","3":"status-publish","4":"has-post-thumbnail","6":"product_cat-huellas","8":"first","9":"instock","10":"shipping-taxable","11":"purchasable","12":"product-type-simple","13":"entry","14":"content-bg","15":"loop-entry"},"_links":{"self":[{"href":"https:\/\/www.fundaciongeniales.org\/en\/wp-json\/wp\/v2\/product\/1579","targetHints":{"allow":["GET"]}}],"collection":[{"href":"https:\/\/www.fundaciongeniales.org\/en\/wp-json\/wp\/v2\/product"}],"about":[{"href":"https:\/\/www.fundaciongeniales.org\/en\/wp-json\/wp\/v2\/types\/product"}],"wp:featuredmedia":[{"embeddable":true,"href":"https:\/\/www.fundaciongeniales.org\/en\/wp-json\/wp\/v2\/media\/959"}],"wp:attachment":[{"href":"https:\/\/www.fundaciongeniales.org\/en\/wp-json\/wp\/v2\/media?parent=1579"}],"wp:term":[{"taxonomy":"product_brand","embeddable":true,"href":"https:\/\/www.fundaciongeniales.org\/en\/wp-json\/wp\/v2\/product_brand?post=1579"},{"taxonomy":"product_cat","embeddable":true,"href":"https:\/\/www.fundaciongeniales.org\/en\/wp-json\/wp\/v2\/product_cat?post=1579"},{"taxonomy":"product_tag","embeddable":true,"href":"https:\/\/www.fundaciongeniales.org\/en\/wp-json\/wp\/v2\/product_tag?post=1579"}],"curies":[{"name":"wp","href":"https:\/\/api.w.org\/{rel}","templated":true}]}}