{"id":963,"date":"2022-06-04T21:02:49","date_gmt":"2022-06-04T21:02:49","guid":{"rendered":"https:\/\/www.fundaciongeniales.org\/web.fundaciongeniales.org\/?page_id=963"},"modified":"2023-10-14T02:43:24","modified_gmt":"2023-10-14T02:43:24","slug":"organizaciones-geniales","status":"publish","type":"page","link":"https:\/\/www.fundaciongeniales.org\/en\/organizaciones-geniales\/","title":{"rendered":"Organizaciones Geniales"},"content":{"rendered":"<style>.kb-row-layout-wrap.wp-block-kadence-rowlayout.kb-row-layout-id963_bb5c13-d1{margin-top:0px;margin-bottom:0px;}.kb-row-layout-id963_bb5c13-d1 > .kt-row-column-wrap{align-content:start;}:where(.kb-row-layout-id963_bb5c13-d1 > .kt-row-column-wrap) > .wp-block-kadence-column{justify-content:start;}.kb-row-layout-id963_bb5c13-d1 > .kt-row-column-wrap{column-gap:var(--global-kb-gap-md, 2rem);row-gap:var(--global-kb-gap-md, 2rem);max-width:var( --global-content-width, 1200px );padding-left:var(--global-content-edge-padding);padding-right:var(--global-content-edge-padding);padding-top:100px;padding-right:0px;padding-bottom:100px;padding-left:0px;min-height:440px;grid-template-columns:minmax(0, 1fr);}.kb-row-layout-id963_bb5c13-d1{background-image:url('https:\/\/www.fundaciongeniales.org\/web.fundaciongeniales.org\/wp-content\/uploads\/2022\/06\/banner-1.jpg');background-size:cover;background-position:50% 49%;background-attachment:scroll;background-repeat:no-repeat;}.kb-row-layout-id963_bb5c13-d1 > .kt-row-layout-overlay{opacity:1;}@media all and (max-width: 1024px){.kb-row-layout-id963_bb5c13-d1 > .kt-row-column-wrap{grid-template-columns:minmax(0, 1fr);}}@media all and (max-width: 767px){.kb-row-layout-id963_bb5c13-d1 > .kt-row-column-wrap{padding-top:40px;padding-right:0px;padding-bottom:40px;padding-left:0px;grid-template-columns:minmax(0, 1fr);}}<\/style><div class=\"kb-row-layout-wrap kb-row-layout-id963_bb5c13-d1 alignnone kt-row-has-bg header-title-1 ht1-mod-b wp-block-kadence-rowlayout\"><div class=\"kt-row-column-wrap kt-has-1-columns kt-row-layout-equal kt-tab-layout-inherit kt-mobile-layout-row kt-row-valign-top kb-theme-content-width\">\n<style>.kadence-column963_ca223b-4c > .kt-inside-inner-col{display:flex;}.kadence-column963_ca223b-4c > .kt-inside-inner-col{padding-top:0px;padding-right:0px;padding-bottom:0px;padding-left:0px;}.kadence-column963_ca223b-4c > .kt-inside-inner-col,.kadence-column963_ca223b-4c > .kt-inside-inner-col:before{border-top-left-radius:0px;border-top-right-radius:0px;border-bottom-right-radius:0px;border-bottom-left-radius:0px;}.kadence-column963_ca223b-4c > .kt-inside-inner-col{column-gap:var(--global-kb-gap-sm, 1rem);}.kadence-column963_ca223b-4c > .kt-inside-inner-col{flex-direction:column;justify-content:flex-start;}.kadence-column963_ca223b-4c > .kt-inside-inner-col > .aligncenter{width:100%;}.kt-row-column-wrap > .kadence-column963_ca223b-4c{align-self:flex-start;}.kt-inner-column-height-full:not(.kt-has-1-columns) > .wp-block-kadence-column.kadence-column963_ca223b-4c{align-self:auto;}.kt-inner-column-height-full:not(.kt-has-1-columns) > .wp-block-kadence-column.kadence-column963_ca223b-4c > .kt-inside-inner-col{flex-direction:column;justify-content:flex-start;}.kadence-column963_ca223b-4c > .kt-inside-inner-col:before{opacity:0.3;}.kadence-column963_ca223b-4c{text-align:left;}.kadence-column963_ca223b-4c{position:relative;}.kadence-column963_ca223b-4c, .kt-inside-inner-col > .kadence-column963_ca223b-4c:not(.specificity){margin-top:0px;margin-right:0px;margin-bottom:0px;margin-left:0px;}@media all and (max-width: 1024px){.kt-row-column-wrap > .kadence-column963_ca223b-4c{align-self:flex-start;}}@media all and (max-width: 1024px){.kt-inner-column-height-full:not(.kt-has-1-columns) > .wp-block-kadence-column.kadence-column963_ca223b-4c{align-self:auto;}}@media all and (max-width: 1024px){.kt-inner-column-height-full:not(.kt-has-1-columns) > .wp-block-kadence-column.kadence-column963_ca223b-4c > .kt-inside-inner-col{flex-direction:column;justify-content:flex-start;}}@media all and (max-width: 1024px){.kadence-column963_ca223b-4c > .kt-inside-inner-col{flex-direction:column;justify-content:flex-start;}}@media all and (max-width: 767px){.kt-row-column-wrap > .kadence-column963_ca223b-4c{align-self:flex-start;}.kt-inner-column-height-full:not(.kt-has-1-columns) > .wp-block-kadence-column.kadence-column963_ca223b-4c{align-self:auto;}.kt-inner-column-height-full:not(.kt-has-1-columns) > .wp-block-kadence-column.kadence-column963_ca223b-4c > .kt-inside-inner-col{flex-direction:column;justify-content:flex-start;}.kadence-column963_ca223b-4c > .kt-inside-inner-col{flex-direction:column;justify-content:flex-start;}}<\/style>\n<div class=\"wp-block-kadence-column kadence-column963_ca223b-4c kb-section-dir-vertical\"><div class=\"kt-inside-inner-col\"><\/div><\/div>\n\n<\/div><\/div>\n\n<style>.kb-row-layout-id963_44e4cc-cb > .kt-row-column-wrap{align-content:start;}:where(.kb-row-layout-id963_44e4cc-cb > .kt-row-column-wrap) > .wp-block-kadence-column{justify-content:start;}.kb-row-layout-id963_44e4cc-cb > .kt-row-column-wrap{column-gap:var(--global-kb-gap-md, 2rem);row-gap:var(--global-kb-gap-md, 2rem);max-width:1280px;margin-left:auto;margin-right:auto;padding-top:80px;padding-bottom:60px;min-height:589px;grid-template-columns:minmax(0, 1fr);}.kb-row-layout-id963_44e4cc-cb > .kt-row-layout-overlay{opacity:0.30;}@media all and (max-width: 1024px){.kb-row-layout-id963_44e4cc-cb > .kt-row-column-wrap{grid-template-columns:minmax(0, 1fr);}}@media all and (max-width: 767px){.kb-row-layout-id963_44e4cc-cb > .kt-row-column-wrap{grid-template-columns:minmax(0, 1fr);}}<\/style><div class=\"kb-row-layout-wrap kb-row-layout-id963_44e4cc-cb alignnone has-theme-palette9-background-color kt-row-has-bg wp-block-kadence-rowlayout\"><div class=\"kt-row-column-wrap kt-has-1-columns kt-row-layout-equal kt-tab-layout-inherit kt-mobile-layout-row kt-row-valign-top\">\n<style>.kadence-column963_dab997-e9 > .kt-inside-inner-col,.kadence-column963_dab997-e9 > .kt-inside-inner-col:before{border-top-left-radius:0px;border-top-right-radius:0px;border-bottom-right-radius:0px;border-bottom-left-radius:0px;}.kadence-column963_dab997-e9 > .kt-inside-inner-col{column-gap:var(--global-kb-gap-sm, 1rem);}.kadence-column963_dab997-e9 > .kt-inside-inner-col{flex-direction:column;}.kadence-column963_dab997-e9 > .kt-inside-inner-col > .aligncenter{width:100%;}.kadence-column963_dab997-e9 > .kt-inside-inner-col:before{opacity:0.3;}.kadence-column963_dab997-e9{position:relative;}@media all and (max-width: 1024px){.kadence-column963_dab997-e9 > .kt-inside-inner-col{flex-direction:column;justify-content:center;}}@media all and (max-width: 767px){.kadence-column963_dab997-e9 > .kt-inside-inner-col{flex-direction:column;justify-content:center;}}<\/style>\n<div class=\"wp-block-kadence-column kadence-column963_dab997-e9 inner-column-1\"><div class=\"kt-inside-inner-col\"><style>.wp-block-kadence-advancedheading.kt-adv-heading963_f0466e-40, .wp-block-kadence-advancedheading.kt-adv-heading963_f0466e-40[data-kb-block=\"kb-adv-heading963_f0466e-40\"]{padding-bottom:20px;text-align:center;font-size:40px;font-style:normal;letter-spacing:4px;}.wp-block-kadence-advancedheading.kt-adv-heading963_f0466e-40 mark.kt-highlight, .wp-block-kadence-advancedheading.kt-adv-heading963_f0466e-40[data-kb-block=\"kb-adv-heading963_f0466e-40\"] mark.kt-highlight{font-style:normal;color:#f76a0c;-webkit-box-decoration-break:clone;box-decoration-break:clone;padding-top:0px;padding-right:0px;padding-bottom:0px;padding-left:0px;}.wp-block-kadence-advancedheading.kt-adv-heading963_f0466e-40 img.kb-inline-image, .wp-block-kadence-advancedheading.kt-adv-heading963_f0466e-40[data-kb-block=\"kb-adv-heading963_f0466e-40\"] img.kb-inline-image{width:150px;vertical-align:baseline;}@media all and (max-width: 767px){.wp-block-kadence-advancedheading.kt-adv-heading963_f0466e-40, .wp-block-kadence-advancedheading.kt-adv-heading963_f0466e-40[data-kb-block=\"kb-adv-heading963_f0466e-40\"]{font-size:32px;}}<\/style>\n<h2 class=\"kt-adv-heading963_f0466e-40 wp-block-kadence-advancedheading\" data-kb-block=\"kb-adv-heading963_f0466e-40\">ORGANIZACIONES GENIALES<\/h2>\n\n\n<div class=\"wp-block-visual-portfolio\">\n<div class=\"vp-portfolio vp-uid-8ccb2df5 vp-id-Z131qlk\"\n\tdata-vp-layout=\"grid\" data-vp-content-source=\"post-based\" data-vp-items-style=\"default\" data-vp-items-click-action=\"url\" data-vp-items-gap=\"15\" data-vp-items-gap-vertical=\"\" data-vp-pagination=\"load-more\" data-vp-next-page-url=\"\" data-vp-grid-columns=\"3\" >\n\t<div class=\"vp-portfolio__preloader-wrap\">\n\t\t<div class=\"vp-portfolio__preloader\">\n\t\t\t<img decoding=\"async\" loading=\"eager\" src=\"https:\/\/www.fundaciongeniales.org\/web.fundaciongeniales.org\/wp-content\/plugins\/visual-portfolio\/assets\/images\/logo-dark.svg\" alt=\"Visual Portfolio, Posts &amp; Image Gallery for WordPress\" width=\"20\" height=\"20\" data-skip-lazy>\n\t\t<\/div>\n\t<\/div>\n\t\t<div class=\"vp-portfolio__items-wrap\">\n\t\t\t\n<div class=\"vp-portfolio__items vp-portfolio__items-style-default vp-portfolio__items-show-overlay-hover\">\n\n\t\t<article\t\tclass=\"vp-portfolio__item-wrap post-1044 page type-page status-publish has-post-thumbnail hentry vp-portfolio__item-uid-9d6176ae\" data-vp-filter=\"\" style=\"--vp-images__object-position: 55% 54%;\" \t\t>\n\t\t\t\t\t\t\t\t\t<figure class=\"vp-portfolio__item\">\n\t\t\t\t\n<div class=\"vp-portfolio__item-img-wrap\">\n\t<div class=\"vp-portfolio__item-img\">\n\t\t\t<a\n\t\thref=\"https:\/\/www.fundaciongeniales.org\/en\/organizaciones-geniales\/instituciones-educativas-geniales\/\"\n\t\taria-label=\"Instituciones Educativas Geniales\" \t>\n\t\n\t\t<noscript><img loading=\"lazy\" decoding=\"async\" width=\"340\" height=\"340\" data-skip-lazy src=\"https:\/\/www.fundaciongeniales.org\/web.fundaciongeniales.org\/wp-content\/uploads\/2022\/06\/INSTITUCIONES-EDUCATIVAS-GENIALES.png\" class=\"wp-image-965\" alt=\"\" srcset=\"https:\/\/www.fundaciongeniales.org\/web.fundaciongeniales.org\/wp-content\/uploads\/2022\/06\/INSTITUCIONES-EDUCATIVAS-GENIALES.png 340w, https:\/\/www.fundaciongeniales.org\/web.fundaciongeniales.org\/wp-content\/uploads\/2022\/06\/INSTITUCIONES-EDUCATIVAS-GENIALES-100x100.png 100w, https:\/\/www.fundaciongeniales.org\/web.fundaciongeniales.org\/wp-content\/uploads\/2022\/06\/INSTITUCIONES-EDUCATIVAS-GENIALES-300x300.png 300w, https:\/\/www.fundaciongeniales.org\/web.fundaciongeniales.org\/wp-content\/uploads\/2022\/06\/INSTITUCIONES-EDUCATIVAS-GENIALES-150x150.png 150w, https:\/\/www.fundaciongeniales.org\/web.fundaciongeniales.org\/wp-content\/uploads\/2022\/06\/INSTITUCIONES-EDUCATIVAS-GENIALES-12x12.png 12w\" sizes=\"auto, (max-width: 340px) 100vw, 340px\" \/><\/noscript><img fetchpriority=\"high\" decoding=\"async\" width=\"340\" height=\"340\" src=\"https:\/\/www.fundaciongeniales.org\/web.fundaciongeniales.org\/wp-content\/uploads\/2022\/06\/INSTITUCIONES-EDUCATIVAS-GENIALES.png\" class=\"wp-image-965 vp-lazyload\" alt srcset=\"data:image\/svg+xml;base64,PHN2ZyB3aWR0aD0iMzQwIiBoZWlnaHQ9IjM0MCIgdmlld0JveD0iMCAwIDM0MCAzNDAiIGZpbGw9Im5vbmUiIHhtbG5zPSJodHRwOi8vd3d3LnczLm9yZy8yMDAwL3N2ZyI+PC9zdmc+\" data-src=\"https:\/\/www.fundaciongeniales.org\/web.fundaciongeniales.org\/wp-content\/uploads\/2022\/06\/INSTITUCIONES-EDUCATIVAS-GENIALES.png\" data-srcset=\"https:\/\/www.fundaciongeniales.org\/web.fundaciongeniales.org\/wp-content\/uploads\/2022\/06\/INSTITUCIONES-EDUCATIVAS-GENIALES.png 340w, https:\/\/www.fundaciongeniales.org\/web.fundaciongeniales.org\/wp-content\/uploads\/2022\/06\/INSTITUCIONES-EDUCATIVAS-GENIALES-100x100.png 100w, https:\/\/www.fundaciongeniales.org\/web.fundaciongeniales.org\/wp-content\/uploads\/2022\/06\/INSTITUCIONES-EDUCATIVAS-GENIALES-300x300.png 300w, https:\/\/www.fundaciongeniales.org\/web.fundaciongeniales.org\/wp-content\/uploads\/2022\/06\/INSTITUCIONES-EDUCATIVAS-GENIALES-150x150.png 150w, https:\/\/www.fundaciongeniales.org\/web.fundaciongeniales.org\/wp-content\/uploads\/2022\/06\/INSTITUCIONES-EDUCATIVAS-GENIALES-12x12.png 12w\" data-sizes=\"auto\" loading=\"eager\">\n\t\t<div class=\"vp-portfolio__item-overlay\">\n\t\t\t\t\t<\/div>\n\n\t\t<\/a>\t<\/div>\n<\/div>\n\n\t<figcaption class=\"vp-portfolio__item-caption vp-portfolio__item-caption-text-align-center\">\n\t\t<div class=\"vp-portfolio__item-meta\">\n\t\t\t\n<h2 class=\"vp-portfolio__item-meta-title\">\n\t\t<a\n\t\thref=\"https:\/\/www.fundaciongeniales.org\/en\/organizaciones-geniales\/instituciones-educativas-geniales\/\"\n\t\t\t>\n\tInstituciones Educativas Geniales<\/a><\/h2>\n\n<div class=\"vp-portfolio__item-meta-excerpt\">\n\t<div>\n\t\tEste Programa contribuye a modificar los modelos de relaci\u00f3n pedag\u00f3gica al interior de las instituciones educativas, apoyando aprendizajes significativos&#8230;\t<\/div>\n<\/div>\n\n<a class=\"vp-portfolio__item-meta-read-more\" href=\"https:\/\/www.fundaciongeniales.org\/en\/organizaciones-geniales\/instituciones-educativas-geniales\/\">\n\tQUIERO VER M\u00c1S &gt;<\/a>\n\t\t<\/div>\n\t<\/figcaption>\n\t\t\t<\/figure>\n\t\t\t\t\t<\/article>\n\t\t\n\t\t<article\t\tclass=\"vp-portfolio__item-wrap post-1078 page type-page status-publish has-post-thumbnail hentry vp-portfolio__item-uid-bffa6946\" data-vp-filter=\"\" style=\"--vp-images__object-position: 52% 41%;\" \t\t>\n\t\t\t\t\t\t\t\t\t<figure class=\"vp-portfolio__item\">\n\t\t\t\t\n<div class=\"vp-portfolio__item-img-wrap\">\n\t<div class=\"vp-portfolio__item-img\">\n\t\t\t<a\n\t\thref=\"https:\/\/www.fundaciongeniales.org\/en\/organizaciones-geniales\/empresas-geniales\/\"\n\t\taria-label=\"Empresas Geniales\" \t>\n\t\n\t\t<noscript><img loading=\"lazy\" decoding=\"async\" width=\"340\" height=\"340\" data-skip-lazy src=\"https:\/\/www.fundaciongeniales.org\/web.fundaciongeniales.org\/wp-content\/uploads\/2022\/06\/EMPRESAS-GENIALES.png\" class=\"wp-image-968\" alt=\"\" srcset=\"https:\/\/www.fundaciongeniales.org\/web.fundaciongeniales.org\/wp-content\/uploads\/2022\/06\/EMPRESAS-GENIALES.png 340w, https:\/\/www.fundaciongeniales.org\/web.fundaciongeniales.org\/wp-content\/uploads\/2022\/06\/EMPRESAS-GENIALES-100x100.png 100w, https:\/\/www.fundaciongeniales.org\/web.fundaciongeniales.org\/wp-content\/uploads\/2022\/06\/EMPRESAS-GENIALES-300x300.png 300w, https:\/\/www.fundaciongeniales.org\/web.fundaciongeniales.org\/wp-content\/uploads\/2022\/06\/EMPRESAS-GENIALES-150x150.png 150w, https:\/\/www.fundaciongeniales.org\/web.fundaciongeniales.org\/wp-content\/uploads\/2022\/06\/EMPRESAS-GENIALES-12x12.png 12w\" sizes=\"auto, (max-width: 340px) 100vw, 340px\" \/><\/noscript><img decoding=\"async\" width=\"340\" height=\"340\" src=\"https:\/\/www.fundaciongeniales.org\/web.fundaciongeniales.org\/wp-content\/uploads\/2022\/06\/EMPRESAS-GENIALES.png\" class=\"wp-image-968 vp-lazyload\" alt srcset=\"data:image\/svg+xml;base64,PHN2ZyB3aWR0aD0iMzQwIiBoZWlnaHQ9IjM0MCIgdmlld0JveD0iMCAwIDM0MCAzNDAiIGZpbGw9Im5vbmUiIHhtbG5zPSJodHRwOi8vd3d3LnczLm9yZy8yMDAwL3N2ZyI+PC9zdmc+\" data-src=\"https:\/\/www.fundaciongeniales.org\/web.fundaciongeniales.org\/wp-content\/uploads\/2022\/06\/EMPRESAS-GENIALES.png\" data-srcset=\"https:\/\/www.fundaciongeniales.org\/web.fundaciongeniales.org\/wp-content\/uploads\/2022\/06\/EMPRESAS-GENIALES.png 340w, https:\/\/www.fundaciongeniales.org\/web.fundaciongeniales.org\/wp-content\/uploads\/2022\/06\/EMPRESAS-GENIALES-100x100.png 100w, https:\/\/www.fundaciongeniales.org\/web.fundaciongeniales.org\/wp-content\/uploads\/2022\/06\/EMPRESAS-GENIALES-300x300.png 300w, https:\/\/www.fundaciongeniales.org\/web.fundaciongeniales.org\/wp-content\/uploads\/2022\/06\/EMPRESAS-GENIALES-150x150.png 150w, https:\/\/www.fundaciongeniales.org\/web.fundaciongeniales.org\/wp-content\/uploads\/2022\/06\/EMPRESAS-GENIALES-12x12.png 12w\" data-sizes=\"auto\" loading=\"eager\">\n\t\t<div class=\"vp-portfolio__item-overlay\">\n\t\t\t\t\t<\/div>\n\n\t\t<\/a>\t<\/div>\n<\/div>\n\n\t<figcaption class=\"vp-portfolio__item-caption vp-portfolio__item-caption-text-align-center\">\n\t\t<div class=\"vp-portfolio__item-meta\">\n\t\t\t\n<h2 class=\"vp-portfolio__item-meta-title\">\n\t\t<a\n\t\thref=\"https:\/\/www.fundaciongeniales.org\/en\/organizaciones-geniales\/empresas-geniales\/\"\n\t\t\t>\n\tEmpresas Geniales<\/a><\/h2>\n\n<div class=\"vp-portfolio__item-meta-excerpt\">\n\t<div>\n\t\tLa Fundaci\u00f3n Geniales ha dise\u00f1ado un portafolio de servicios con el \u00e1nimo de involucrar a las organizaciones y personas en la transformaci\u00f3n de realidades, a trav\u00e9s de Programas de Desarrollo Humano Integral que estimulan&#8230;\t<\/div>\n<\/div>\n\n<a class=\"vp-portfolio__item-meta-read-more\" href=\"https:\/\/www.fundaciongeniales.org\/en\/organizaciones-geniales\/empresas-geniales\/\">\n\tQUIERO VER M\u00c1S &gt;<\/a>\n\t\t<\/div>\n\t<\/figcaption>\n\t\t\t<\/figure>\n\t\t\t\t\t<\/article>\n\t\t\n\t\t<article\t\tclass=\"vp-portfolio__item-wrap post-962 page type-page status-publish has-post-thumbnail hentry vp-portfolio__item-uid-0d41229c\" data-vp-filter=\"\" style=\"--vp-images__object-position: 52% 41%;\" \t\t>\n\t\t\t\t\t\t\t\t\t<figure class=\"vp-portfolio__item\">\n\t\t\t\t\n<div class=\"vp-portfolio__item-img-wrap\">\n\t<div class=\"vp-portfolio__item-img\">\n\t\t\t<a\n\t\thref=\"https:\/\/www.fundaciongeniales.org\/en\/organizaciones-geniales\/comunidades-geniales\/\"\n\t\taria-label=\"Comunidades Geniales\" \t>\n\t\n\t\t<noscript><img loading=\"lazy\" decoding=\"async\" width=\"340\" height=\"340\" data-skip-lazy src=\"https:\/\/www.fundaciongeniales.org\/web.fundaciongeniales.org\/wp-content\/uploads\/2022\/06\/COMUNIDADES-GENIALES.png\" class=\"wp-image-967\" alt=\"\" srcset=\"https:\/\/www.fundaciongeniales.org\/web.fundaciongeniales.org\/wp-content\/uploads\/2022\/06\/COMUNIDADES-GENIALES.png 340w, https:\/\/www.fundaciongeniales.org\/web.fundaciongeniales.org\/wp-content\/uploads\/2022\/06\/COMUNIDADES-GENIALES-100x100.png 100w, https:\/\/www.fundaciongeniales.org\/web.fundaciongeniales.org\/wp-content\/uploads\/2022\/06\/COMUNIDADES-GENIALES-300x300.png 300w, https:\/\/www.fundaciongeniales.org\/web.fundaciongeniales.org\/wp-content\/uploads\/2022\/06\/COMUNIDADES-GENIALES-150x150.png 150w, https:\/\/www.fundaciongeniales.org\/web.fundaciongeniales.org\/wp-content\/uploads\/2022\/06\/COMUNIDADES-GENIALES-12x12.png 12w\" sizes=\"auto, (max-width: 340px) 100vw, 340px\" \/><\/noscript><img decoding=\"async\" width=\"340\" height=\"340\" src=\"https:\/\/www.fundaciongeniales.org\/web.fundaciongeniales.org\/wp-content\/uploads\/2022\/06\/COMUNIDADES-GENIALES.png\" class=\"wp-image-967 vp-lazyload\" alt srcset=\"data:image\/svg+xml;base64,PHN2ZyB3aWR0aD0iMzQwIiBoZWlnaHQ9IjM0MCIgdmlld0JveD0iMCAwIDM0MCAzNDAiIGZpbGw9Im5vbmUiIHhtbG5zPSJodHRwOi8vd3d3LnczLm9yZy8yMDAwL3N2ZyI+PC9zdmc+\" data-src=\"https:\/\/www.fundaciongeniales.org\/web.fundaciongeniales.org\/wp-content\/uploads\/2022\/06\/COMUNIDADES-GENIALES.png\" data-srcset=\"https:\/\/www.fundaciongeniales.org\/web.fundaciongeniales.org\/wp-content\/uploads\/2022\/06\/COMUNIDADES-GENIALES.png 340w, https:\/\/www.fundaciongeniales.org\/web.fundaciongeniales.org\/wp-content\/uploads\/2022\/06\/COMUNIDADES-GENIALES-100x100.png 100w, https:\/\/www.fundaciongeniales.org\/web.fundaciongeniales.org\/wp-content\/uploads\/2022\/06\/COMUNIDADES-GENIALES-300x300.png 300w, https:\/\/www.fundaciongeniales.org\/web.fundaciongeniales.org\/wp-content\/uploads\/2022\/06\/COMUNIDADES-GENIALES-150x150.png 150w, https:\/\/www.fundaciongeniales.org\/web.fundaciongeniales.org\/wp-content\/uploads\/2022\/06\/COMUNIDADES-GENIALES-12x12.png 12w\" data-sizes=\"auto\" loading=\"eager\">\n\t\t<div class=\"vp-portfolio__item-overlay\">\n\t\t\t\t\t<\/div>\n\n\t\t<\/a>\t<\/div>\n<\/div>\n\n\t<figcaption class=\"vp-portfolio__item-caption vp-portfolio__item-caption-text-align-center\">\n\t\t<div class=\"vp-portfolio__item-meta\">\n\t\t\t\n<h2 class=\"vp-portfolio__item-meta-title\">\n\t\t<a\n\t\thref=\"https:\/\/www.fundaciongeniales.org\/en\/organizaciones-geniales\/comunidades-geniales\/\"\n\t\t\t>\n\tComunidades Geniales<\/a><\/h2>\n\n<div class=\"vp-portfolio__item-meta-excerpt\">\n\t<div>\n\t\tEl Programa Geniales contribuye a potencializar los talentos de la comunidad, a desarrollar liderazgos, a conseguir mejores relaciones entre sus miembros y a desarrollar m\u00e1s sus emprendimientos individuales y colectivos&#8230;\t<\/div>\n<\/div>\n\n<a class=\"vp-portfolio__item-meta-read-more\" href=\"https:\/\/www.fundaciongeniales.org\/en\/organizaciones-geniales\/comunidades-geniales\/\">\n\tQUIERO VER M\u00c1S &gt;<\/a>\n\t\t<\/div>\n\t<\/figcaption>\n\t\t\t<\/figure>\n\t\t\t\t\t<\/article>\n\t\t\n<\/div>\n\t\t<\/div>\n\t\t\t\t<div class=\"vp-portfolio__layout-elements vp-portfolio__layout-elements-bottom vp-portfolio__layout-elements-align-center\">\n\t\t\t\t<div class=\"vp-portfolio__pagination-wrap\">\n\t\t\t\t<\/div>\n\t\t\t\t<\/div>\n\t\t\n<\/div>\n<\/div><\/div><\/div>\n\n<\/div><\/div>","protected":false},"excerpt":{"rendered":"ORGANIZACIONES GENIALES","protected":false},"author":1,"featured_media":0,"parent":0,"menu_order":7,"comment_status":"closed","ping_status":"open","template":"","meta":{"_kad_post_transparent":"","_kad_post_title":"hide","_kad_post_layout":"fullwidth","_kad_post_sidebar_id":"","_kad_post_content_style":"","_kad_post_vertical_padding":"","_kad_post_feature":"","_kad_post_feature_position":"","_kad_post_header":false,"_kad_post_footer":false,"_kad_post_classname":"","_vp_format_video_url":"","_vp_image_focal_point":[],"footnotes":""},"class_list":["post-963","page","type-page","status-publish","hentry"],"_links":{"self":[{"href":"https:\/\/www.fundaciongeniales.org\/en\/wp-json\/wp\/v2\/pages\/963","targetHints":{"allow":["GET"]}}],"collection":[{"href":"https:\/\/www.fundaciongeniales.org\/en\/wp-json\/wp\/v2\/pages"}],"about":[{"href":"https:\/\/www.fundaciongeniales.org\/en\/wp-json\/wp\/v2\/types\/page"}],"author":[{"embeddable":true,"href":"https:\/\/www.fundaciongeniales.org\/en\/wp-json\/wp\/v2\/users\/1"}],"replies":[{"embeddable":true,"href":"https:\/\/www.fundaciongeniales.org\/en\/wp-json\/wp\/v2\/comments?post=963"}],"version-history":[{"count":10,"href":"https:\/\/www.fundaciongeniales.org\/en\/wp-json\/wp\/v2\/pages\/963\/revisions"}],"predecessor-version":[{"id":2229,"href":"https:\/\/www.fundaciongeniales.org\/en\/wp-json\/wp\/v2\/pages\/963\/revisions\/2229"}],"wp:attachment":[{"href":"https:\/\/www.fundaciongeniales.org\/en\/wp-json\/wp\/v2\/media?parent=963"}],"curies":[{"name":"wp","href":"https:\/\/api.w.org\/{rel}","templated":true}]}}