{"id":1897,"date":"2022-09-26T22:55:42","date_gmt":"2022-09-26T22:55:42","guid":{"rendered":"https:\/\/www.fundaciongeniales.org\/?page_id=1897"},"modified":"2022-09-26T22:59:10","modified_gmt":"2022-09-26T22:59:10","slug":"politica-de-proteccion-de-datos-personales","status":"publish","type":"page","link":"https:\/\/www.fundaciongeniales.org\/en\/politica-de-proteccion-de-datos-personales\/","title":{"rendered":"Pol\u00edtica de Protecci\u00f3n de datos personales"},"content":{"rendered":"<style>.wp-block-kadence-advancedheading.kt-adv-heading_e2c356-1f, .wp-block-kadence-advancedheading.kt-adv-heading_e2c356-1f[data-kb-block=\"kb-adv-heading_e2c356-1f\"]{font-style:normal;}.wp-block-kadence-advancedheading.kt-adv-heading_e2c356-1f mark.kt-highlight, .wp-block-kadence-advancedheading.kt-adv-heading_e2c356-1f[data-kb-block=\"kb-adv-heading_e2c356-1f\"] mark.kt-highlight{font-style:normal;color:#f76a0c;-webkit-box-decoration-break:clone;box-decoration-break:clone;padding-top:0px;padding-right:0px;padding-bottom:0px;padding-left:0px;}.wp-block-kadence-advancedheading.kt-adv-heading_e2c356-1f img.kb-inline-image, .wp-block-kadence-advancedheading.kt-adv-heading_e2c356-1f[data-kb-block=\"kb-adv-heading_e2c356-1f\"] img.kb-inline-image{width:150px;vertical-align:baseline;}<\/style>\n<h2 class=\"kt-adv-heading_e2c356-1f wp-block-kadence-advancedheading\" data-kb-block=\"kb-adv-heading_e2c356-1f\">Pol\u00edtica de Protecci\u00f3n de datos personales<\/h2>\n\n\n\n<p>Fundaci\u00f3n Geniales entidad sin \u00e1nimo de lucro identificada con Nit. 900.612.114-2 &nbsp;en cumplimiento de la Ley 1581 de 2012 de protecci\u00f3n de datos personales en posesi\u00f3n y guarda de entidades del \u00e1mbito privado y su decreto Reglamentario 1377 de 2013, informa a trabajadores, clientes, proveedores y cualquier tercero interesado, que la sociedad cuenta con protecci\u00f3n de datos personales y que cumple con las exigencias especiales para la protecci\u00f3n de datos personales de menores de edad (ni\u00f1os, ni\u00f1as y adolescentes) preservando su protecci\u00f3n, conservaci\u00f3n y garantizando su uso responsable y seguro, procurando proteger el derecho a la privacidad y protecci\u00f3n de su informaci\u00f3n personal y toda aquella que fue suministrada a trav\u00e9s de nuestros formatos, formularios y registros ubicados en nuestras instalaciones y sitio web antes y despu\u00e9s de la vigencia del decreto y la ley, contando con la aprobaci\u00f3n directa del representante legal en los eventos del art\u00edculo 7\u00ba de la ley 1581 de 2012 y del art\u00edculo 12 del decreto reglamentario 1377 de 2013, con la finalidad de que toda persona pueda conocer, actualizar, rectificar la informaci\u00f3n de ella contenida en nuestras bases de datos o archivos, adem\u00e1s de poder ejercer los derechos constitucionales que le asisten como son los consagrados en el art\u00edculo 15 y 20 de la constituci\u00f3n pol\u00edtica nacional de 1991, sobre todo los que podr\u00edan resultar sensibles, producto del ejercicio de nuestro objeto y de los convenios y acuerdos contractuales celebrados.<\/p>\n\n\n\n<p>Los datos personales que poseemos se encuentran almacenados, protegidos y administrados en pleno cumplimiento de la mencionada Ley. Con la finalidad de garantizar la privacidad y seguridad de los datos, esta entidad est\u00e1 sometida a todas las disposiciones aplicables en materia de protecci\u00f3n de datos que sean expedida por el gobierno nacional, adem\u00e1s de las pol\u00edticas de tratamiento que posee la entidad desde el momento de la recolecci\u00f3n del dato, conocida previamente por usted, adem\u00e1s de la que adicione, modifique, suprima o derogue la ley y la sociedad previa divulgaci\u00f3n del cambio.<\/p>\n\n\n\n<p>El uso y tratamiento dado a los datos personales de trabajadores s\u00f3lo se circunscribe al \u00e1mbito meramente laboral y eventualmente ser\u00e1n compartidos con sociedades o entidades cuando esto sea necesario para dar cumplimiento a disposiciones legales en el r\u00e9gimen laboral y de protecci\u00f3n de datos personales.<\/p>\n\n\n\n<p>En el caso de clientes y proveedores, la informaci\u00f3n personal ser\u00e1 utilizada con los siguientes fines:<\/p>\n\n\n\n<p>1. Mantener una eficiente comunicaci\u00f3n de la informaci\u00f3n que sea de utilidad en los v\u00ednculos contractuales en los que sea parte el Titular de la Informaci\u00f3n.<\/p>\n\n\n\n<p>2. Dar cumplimiento de las obligaciones contractuales y legales contra\u00eddas por Fundaci\u00f3n Geniales con los Titulares de la Informaci\u00f3n.<\/p>\n\n\n\n<p>3. Informar las modificaciones internas de cualquier tipo que se presenten en desarrollo de los v\u00ednculos contractuales con el&nbsp; Titular de la Informaci\u00f3n.<\/p>\n\n\n\n<p>4. Evaluar la calidad de los servicios ofrecidos por el Titular de la Informaci\u00f3n.<\/p>\n\n\n\n<p>5. Realizar estudios internos sobre los h\u00e1bitos del Titular de la Informaci\u00f3n.<\/p>\n\n\n\n<p>6. Env\u00edo a trav\u00e9s de medio seguro de la informaci\u00f3n en Colombia y a otros pa\u00edses en donde por temas de contingencias se tengan \u201cback-ups\u201d o respaldos de la informaci\u00f3n.<\/p>\n\n\n\n<p>7. Transmitir ofertas de productos o servicios que puedan ser \u00fatiles o adecuadas, a t\u00edtulo individual o mediante alianzas comerciales que contraiga con otras entidades.<\/p>\n\n\n\n<p>8. Transferir su informaci\u00f3n a las bases de datos de los hoteles que pertenecen al Grupo Hotelero Las Am\u00e9ricas, con el fin de transmitir ofertas de productos o servicios que puedan ser de inter\u00e9s. Esta entidad garantiza que cumple con lo previsto en la Ley 1581 de 2012 de protecci\u00f3n de datos personales en posesi\u00f3n y guarda de entidades del \u00e1mbito privado y sus decretos reglamentarios.<\/p>\n\n\n\n<p>9. Transmitir los datos que el gobierno nacional y\/o las autoridades requieran, en cumplimiento de la legislaci\u00f3n tributaria, contable y fiscal, en general, la finalidad que la ley establezca.<\/p>\n\n\n\n<p>10. Datos sensibles. El Titular de la Informaci\u00f3n manifiesta que conoce, acepta y autoriza de manera libre y espont\u00e1nea el tratamiento de la informaci\u00f3n de datos sensibles que sea necesaria para el cumplimiento de las finalidades anteriormente descritas basado en lo establecido en la presente autorizaci\u00f3n y pol\u00edticas. Sin embargo, su suministro y respuesta no es obligatoria y estar\u00e1 sujeta a la libertad de contestaci\u00f3n.<\/p>\n\n\n\n<p>11. Respecto de los datos recolectados directamente de las videograbaciones que se realizan dentro o fuera de las instalaciones de Fundaci\u00f3n Geniales, \u00e9stos se utilizar\u00e1n para fines de&nbsp; publicidad o seguridad de las personas, los bienes e instalaciones de la Fundaci\u00f3n y podr\u00e1n ser utilizados como prueba en cualquier tipo de proceso.<\/p>\n\n\n\n<p>Los derechos que posee cada titular o representante legal del titular sobre sus datos personales podr\u00e1n ser ejercidos a trav\u00e9s de mecanismos como consultas y reclamos escritos, los cuales le permitir\u00e1n tener derecho al acceso, rectificaci\u00f3n, cancelaci\u00f3n y oposici\u00f3n respecto a sus datos personales registrados en nuestras bases de datos y archivos.&nbsp;<\/p>\n\n\n\n<p>Para dejar de recibir comunicados <em>(como boletines electr\u00f3nicos, promociones, etc.)<\/em> de Fundaci\u00f3n Geniales, de forma autom\u00e1tica, seleccione la opci\u00f3n \u201cREMOVER SUSCRIPCI\u00d2N \/ CANCELAR SUSCRIPCI\u00d2N\u201d que se encuentra incluida en la parte inferior de cada comunicado o escriba al correo electr\u00f3nico <strong>comunicaciones@fundaciongeniales.org<\/strong> para rectificaci\u00f3n de datos y cancelaci\u00f3n del env\u00edo de comunicados.&nbsp;&nbsp;<\/p>\n\n\n\n<p>Las pol\u00edticas de tratamiento de datos personales anteriormente descritas regir\u00e1n a partir del 27 de junio de 2013. Las bases de datos sujetas a Tratamiento estar\u00e1n vigentes por el t\u00e9rmino que dure la sociedad o por aquel que establezca la ley.<\/p>\n","protected":false},"excerpt":{"rendered":"Pol\u00edtica de Protecci\u00f3n de datos personales Fundaci\u00f3n Geniales entidad sin \u00e1nimo de lucro identificada con Nit. 900.612.114-2 &nbsp;en cumplimiento de la Ley 1581 de 2012 de protecci\u00f3n de datos personales en posesi\u00f3n y guarda de entidades del \u00e1mbito privado y su decreto Reglamentario 1377 de 2013, informa a trabajadores, clientes, proveedores y cualquier tercero interesado,&#8230;","protected":false},"author":2,"featured_media":0,"parent":0,"menu_order":0,"comment_status":"closed","ping_status":"closed","template":"","meta":{"_kad_post_transparent":"","_kad_post_title":"show","_kad_post_layout":"normal","_kad_post_sidebar_id":"","_kad_post_content_style":"","_kad_post_vertical_padding":"","_kad_post_feature":"","_kad_post_feature_position":"","_kad_post_header":false,"_kad_post_footer":false,"_kad_post_classname":"","_vp_format_video_url":"","_vp_image_focal_point":[],"footnotes":""},"class_list":["post-1897","page","type-page","status-publish","hentry"],"_links":{"self":[{"href":"https:\/\/www.fundaciongeniales.org\/en\/wp-json\/wp\/v2\/pages\/1897","targetHints":{"allow":["GET"]}}],"collection":[{"href":"https:\/\/www.fundaciongeniales.org\/en\/wp-json\/wp\/v2\/pages"}],"about":[{"href":"https:\/\/www.fundaciongeniales.org\/en\/wp-json\/wp\/v2\/types\/page"}],"author":[{"embeddable":true,"href":"https:\/\/www.fundaciongeniales.org\/en\/wp-json\/wp\/v2\/users\/2"}],"replies":[{"embeddable":true,"href":"https:\/\/www.fundaciongeniales.org\/en\/wp-json\/wp\/v2\/comments?post=1897"}],"version-history":[{"count":2,"href":"https:\/\/www.fundaciongeniales.org\/en\/wp-json\/wp\/v2\/pages\/1897\/revisions"}],"predecessor-version":[{"id":1900,"href":"https:\/\/www.fundaciongeniales.org\/en\/wp-json\/wp\/v2\/pages\/1897\/revisions\/1900"}],"wp:attachment":[{"href":"https:\/\/www.fundaciongeniales.org\/en\/wp-json\/wp\/v2\/media?parent=1897"}],"curies":[{"name":"wp","href":"https:\/\/api.w.org\/{rel}","templated":true}]}}