{"id":1542,"date":"2022-07-07T00:01:46","date_gmt":"2022-07-07T00:01:46","guid":{"rendered":"https:\/\/www.fundaciongeniales.org\/web.fundaciongeniales.org\/?page_id=1542"},"modified":"2022-09-16T14:55:59","modified_gmt":"2022-09-16T14:55:59","slug":"boletines","status":"publish","type":"page","link":"https:\/\/www.fundaciongeniales.org\/en\/boletines\/","title":{"rendered":"Boletines"},"content":{"rendered":"<style>#kt-layout-id_30d713-f5{margin-top:0px;margin-bottom:0px;}#kt-layout-id_30d713-f5 > .kt-row-column-wrap{align-content:start;}:where(#kt-layout-id_30d713-f5 > .kt-row-column-wrap) > .wp-block-kadence-column{justify-content:start;}#kt-layout-id_30d713-f5 > .kt-row-column-wrap{column-gap:var(--global-kb-gap-md, 2rem);row-gap:var(--global-kb-gap-md, 2rem);max-width:var( --global-content-width, 1200px );padding-left:var(--global-content-edge-padding);padding-right:var(--global-content-edge-padding);padding-top:var( --global-kb-row-default-top, 25px );padding-bottom:var( --global-kb-row-default-bottom, 25px );padding-top:100px;padding-bottom:100px;padding-left:0px;padding-right:0px;grid-template-columns:minmax(0, 1fr);}#kt-layout-id_30d713-f5{background-image:url('https:\/\/www.fundaciongeniales.org\/web.fundaciongeniales.org\/wp-content\/uploads\/2022\/07\/Boletines_Banner-Principal.jpg');background-size:cover;background-position:50% 100%;background-attachment:scroll;background-repeat:no-repeat;}#kt-layout-id_30d713-f5 > .kt-row-layout-overlay{opacity:1;}@media all and (max-width: 1024px){#kt-layout-id_30d713-f5 > .kt-row-column-wrap{grid-template-columns:minmax(0, 1fr);}}@media all and (max-width: 767px){#kt-layout-id_30d713-f5 > .kt-row-column-wrap{padding-top:40px;padding-bottom:40px;padding-left:0px;padding-right:0px;grid-template-columns:minmax(0, 1fr);}}<\/style>\n<div class=\"wp-block-kadence-rowlayout alignnone header-title-1 ht1-mod-b\"><div id=\"kt-layout-id_30d713-f5\" class=\"kt-row-layout-inner kt-row-has-bg kt-layout-id_30d713-f5\"><div class=\"kt-row-column-wrap kt-has-1-columns kt-gutter-default kt-v-gutter-default kt-row-valign-top kt-row-layout-equal kt-tab-layout-inherit kt-m-colapse-left-to-right kt-mobile-layout-row kb-theme-content-width\"><style>.kadence-column_1ac099-52 > .kt-inside-inner-col{display:flex;}.kadence-column_1ac099-52 > .kt-inside-inner-col{padding-top:0px;padding-bottom:0px;padding-left:0px;padding-right:0px;}.kadence-column_1ac099-52 > .kt-inside-inner-col{border-top-width:0px;border-right-width:0px;border-bottom-width:0px;border-left-width:0px;}.kadence-column_1ac099-52 > .kt-inside-inner-col,.kadence-column_1ac099-52 > .kt-inside-inner-col:before{border-top-left-radius:0px;border-top-right-radius:0px;border-bottom-right-radius:0px;border-bottom-left-radius:0px;}.kadence-column_1ac099-52 > .kt-inside-inner-col{column-gap:var(--global-kb-gap-sm, 1rem);}.kadence-column_1ac099-52 > .kt-inside-inner-col{flex-direction:column;justify-content:flex-start;}.kadence-column_1ac099-52 > .kt-inside-inner-col > .aligncenter{width:100%;}.kt-row-column-wrap > .kadence-column_1ac099-52{align-self:flex-start;}.kt-inner-column-height-full:not(.kt-has-1-columns) > .wp-block-kadence-column.kadence-column_1ac099-52{align-self:auto;}.kt-inner-column-height-full:not(.kt-has-1-columns) > .wp-block-kadence-column.kadence-column_1ac099-52 > .kt-inside-inner-col{flex-direction:column;justify-content:flex-start;}.kadence-column_1ac099-52 > .kt-inside-inner-col:before{opacity:0.3;}.kadence-column_1ac099-52{text-align:left;}.kadence-column_1ac099-52{position:relative;}.wp-block-kadence-column.kadence-column_1ac099-52 > .kt-inside-inner-col{margin-top:0px;margin-bottom:0px;margin-right:0px;margin-left:0px;}@media all and (max-width: 1024px){.kt-row-column-wrap > .kadence-column_1ac099-52{align-self:flex-start;}}@media all and (max-width: 1024px){.kt-inner-column-height-full:not(.kt-has-1-columns) > .wp-block-kadence-column.kadence-column_1ac099-52{align-self:auto;}}@media all and (max-width: 1024px){.kt-inner-column-height-full:not(.kt-has-1-columns) > .wp-block-kadence-column.kadence-column_1ac099-52 > .kt-inside-inner-col{flex-direction:column;justify-content:flex-start;}}@media all and (max-width: 1024px){.kadence-column_1ac099-52 > .kt-inside-inner-col{flex-direction:column;justify-content:flex-start;}}@media all and (max-width: 767px){.kt-row-column-wrap > .kadence-column_1ac099-52{align-self:flex-start;}.kt-inner-column-height-full:not(.kt-has-1-columns) > .wp-block-kadence-column.kadence-column_1ac099-52{align-self:auto;}.kt-inner-column-height-full:not(.kt-has-1-columns) > .wp-block-kadence-column.kadence-column_1ac099-52 > .kt-inside-inner-col{flex-direction:column;justify-content:flex-start;}.kadence-column_1ac099-52 > .kt-inside-inner-col{flex-direction:column;justify-content:flex-start;}}<\/style>\n<div class=\"wp-block-kadence-column inner-column-1 kadence-column_1ac099-52 kb-section-dir-vertical\"><div class=\"kt-inside-inner-col\"><\/div><\/div>\n<\/div><\/div><\/div>\n\n\n<style>#kt-layout-id_893d5d-d4 > .kt-row-column-wrap{align-content:start;}:where(#kt-layout-id_893d5d-d4 > .kt-row-column-wrap) > .wp-block-kadence-column{justify-content:start;}#kt-layout-id_893d5d-d4 > .kt-row-column-wrap{column-gap:var(--global-kb-gap-md, 2rem);row-gap:var(--global-kb-gap-md, 2rem);max-width:890px;margin-left:auto;margin-right:auto;padding-top:var( --global-kb-row-default-top, 25px );padding-bottom:var( --global-kb-row-default-bottom, 25px );padding-top:80px;padding-bottom:100px;padding-left:15px;padding-right:15px;grid-template-columns:minmax(0, 1fr);}#kt-layout-id_893d5d-d4 > .kt-row-layout-overlay{opacity:0.30;}@media all and (max-width: 1024px){#kt-layout-id_893d5d-d4 > .kt-row-column-wrap{grid-template-columns:minmax(0, 1fr);}}@media all and (max-width: 767px){#kt-layout-id_893d5d-d4 > .kt-row-column-wrap{grid-template-columns:minmax(0, 1fr);}}<\/style>\n<div class=\"wp-block-kadence-rowlayout alignnone\"><div id=\"kt-layout-id_893d5d-d4\" class=\"kt-row-layout-inner kt-layout-id_893d5d-d4\"><div class=\"kt-row-column-wrap kt-has-1-columns kt-gutter-default kt-v-gutter-default kt-row-valign-top kt-row-layout-equal kt-tab-layout-inherit kt-m-colapse-left-to-right kt-mobile-layout-row\"><style>.kadence-column_958a5c-b9 > .kt-inside-inner-col{border-top-width:0px;border-right-width:0px;border-bottom-width:0px;border-left-width:0px;}.kadence-column_958a5c-b9 > .kt-inside-inner-col,.kadence-column_958a5c-b9 > .kt-inside-inner-col:before{border-top-left-radius:0px;border-top-right-radius:0px;border-bottom-right-radius:0px;border-bottom-left-radius:0px;}.kadence-column_958a5c-b9 > .kt-inside-inner-col{column-gap:var(--global-kb-gap-sm, 1rem);}.kadence-column_958a5c-b9 > .kt-inside-inner-col{flex-direction:column;}.kadence-column_958a5c-b9 > .kt-inside-inner-col > .aligncenter{width:100%;}.kadence-column_958a5c-b9 > .kt-inside-inner-col:before{opacity:0.3;}.kadence-column_958a5c-b9{position:relative;}@media all and (max-width: 1024px){.kadence-column_958a5c-b9 > .kt-inside-inner-col{flex-direction:column;justify-content:center;}}@media all and (max-width: 767px){.kadence-column_958a5c-b9 > .kt-inside-inner-col{flex-direction:column;justify-content:center;}}<\/style>\n<div class=\"wp-block-kadence-column inner-column-1 kadence-column_958a5c-b9\"><div class=\"kt-inside-inner-col\"><style>.wp-block-kadence-advancedheading.kt-adv-heading_c14dd9-46, .wp-block-kadence-advancedheading.kt-adv-heading_c14dd9-46[data-kb-block=\"kb-adv-heading_c14dd9-46\"]{text-align:center;font-size:56px;font-style:normal;}.wp-block-kadence-advancedheading.kt-adv-heading_c14dd9-46 mark.kt-highlight, .wp-block-kadence-advancedheading.kt-adv-heading_c14dd9-46[data-kb-block=\"kb-adv-heading_c14dd9-46\"] mark.kt-highlight{font-style:normal;color:#f76a0c;-webkit-box-decoration-break:clone;box-decoration-break:clone;padding-top:0px;padding-right:0px;padding-bottom:0px;padding-left:0px;}.wp-block-kadence-advancedheading.kt-adv-heading_c14dd9-46 img.kb-inline-image, .wp-block-kadence-advancedheading.kt-adv-heading_c14dd9-46[data-kb-block=\"kb-adv-heading_c14dd9-46\"] img.kb-inline-image{width:150px;vertical-align:baseline;}@media all and (max-width: 767px){.wp-block-kadence-advancedheading.kt-adv-heading_c14dd9-46, .wp-block-kadence-advancedheading.kt-adv-heading_c14dd9-46[data-kb-block=\"kb-adv-heading_c14dd9-46\"]{font-size:34px;}}<\/style>\n<h1 class=\"kt-adv-heading_c14dd9-46 wp-block-kadence-advancedheading\" data-kb-block=\"kb-adv-heading_c14dd9-46\">BOLETINES<\/h1>\n\n\n<style>.wp-block-kadence-advancedheading.kt-adv-heading_5794df-d1, .wp-block-kadence-advancedheading.kt-adv-heading_5794df-d1[data-kb-block=\"kb-adv-heading_5794df-d1\"]{text-align:center;font-size:32px;font-weight:400;font-style:normal;}.wp-block-kadence-advancedheading.kt-adv-heading_5794df-d1 mark.kt-highlight, .wp-block-kadence-advancedheading.kt-adv-heading_5794df-d1[data-kb-block=\"kb-adv-heading_5794df-d1\"] mark.kt-highlight{font-style:normal;color:#f76a0c;-webkit-box-decoration-break:clone;box-decoration-break:clone;padding-top:0px;padding-right:0px;padding-bottom:0px;padding-left:0px;}.wp-block-kadence-advancedheading.kt-adv-heading_5794df-d1 img.kb-inline-image, .wp-block-kadence-advancedheading.kt-adv-heading_5794df-d1[data-kb-block=\"kb-adv-heading_5794df-d1\"] img.kb-inline-image{width:150px;vertical-align:baseline;}@media all and (max-width: 767px){.wp-block-kadence-advancedheading.kt-adv-heading_5794df-d1, .wp-block-kadence-advancedheading.kt-adv-heading_5794df-d1[data-kb-block=\"kb-adv-heading_5794df-d1\"]{font-size:20px;}}<\/style>\n<h2 class=\"kt-adv-heading_5794df-d1 wp-block-kadence-advancedheading has-theme-palette-4-color has-text-color\" data-kb-block=\"kb-adv-heading_5794df-d1\">GENIALES: EL TALENTO EN ACCI\u00d3N<\/h2>\n\n\n\n<div style=\"height:40px\" aria-hidden=\"true\" class=\"wp-block-spacer\"><\/div>\n\n\n\n<p><a href=\"https:\/\/mailchi.mp\/5d46533f4446\/educacin-geniales-y-unisabana-2375215\" target=\"_blank\" rel=\"noreferrer noopener\">Edici\u00f3n Especial<\/a> \u2013 Reconocimiento al trabajo de investigaci\u00f3n del Programa Geniales<\/p>\n\n\n\n<p><a rel=\"noreferrer noopener\" href=\"https:\/\/mailchi.mp\/c40f6890191c\/geniales-el-talento-en-accin-certificacin-colegios-geniales-2355067\" target=\"_blank\">Edici\u00f3n N\u00famero 14 del Bolet\u00edn<\/a> \u2013 Certificaci\u00f3n Colegios Geniales<\/p>\n\n\n\n<p><a href=\"https:\/\/mailchi.mp\/02b9e9e537ed\/tenemos-una-nueva-fecha-de-inicio-514695\" target=\"_blank\" rel=\"noreferrer noopener\">Edici\u00f3n N\u00famero 13 del Bolet\u00edn<\/a> \u2013 Desarrollando el Talento en las Nuevas Generaciones, discurso de Alberto Ara\u00fajo Merlano<\/p>\n\n\n\n<p><a href=\"https:\/\/mailchi.mp\/84260e6d97bf\/tenemos-una-nueva-fecha-de-inicio-502171\" target=\"_blank\" rel=\"noreferrer noopener\">Edici\u00f3n N\u00famero 12 del Bolet\u00edn<\/a> \u2013 Inscripciones abiertas para el Programa Ejecutivos Geniales.<\/p>\n\n\n\n<p><a href=\"https:\/\/mailchi.mp\/77831e4daa65\/geniales-el-talento-en-accin-certificacin-colegios-geniales-13673338\">Edici\u00f3n N\u00famero 11 del Bolet\u00edn<\/a> \u2013 Taller de certificaci\u00f3n en el M\u00e9todo de los Colores&nbsp;<\/p>\n\n\n\n<p><a href=\"https:\/\/mailchi.mp\/546b80a165ca\/geniales-el-talento-en-accin-certificacin-colegios-geniales-13673698\">Edici\u00f3n N\u00famero 10 del Bolet\u00edn<\/a> \u2013&nbsp;Reflexiones sobre el tema: \u00abFortalecer el Car\u00e1cter\u00bb&nbsp;<\/p>\n\n\n\n<p><a href=\"https:\/\/mailchi.mp\/ac621be0b7c8\/geniales-el-talento-en-accin-certificacin-colegios-geniales-13673702\">Edici\u00f3n N\u00famero 9 del Bolet\u00edn<\/a> \u2013&nbsp;Clausura Programa Ejecutivos GENIALES \u00abFormador de Formadores\u00bb&nbsp;<\/p>\n\n\n\n<p><a href=\"https:\/\/mailchi.mp\/a4fb702f3b78\/geniales-el-talento-en-accin-certificacin-colegios-geniales-13673706\">Edici\u00f3n N\u00famero 8 del Bolet\u00edn<\/a> \u2013 \u00abGracias por todo\u00bb escrito de Pedro Caviedes y resumen de nuestro primer encuentro de Rectores Geniales.<\/p>\n\n\n\n<p><a href=\"https:\/\/mailchi.mp\/138bb50a2662\/geniales-el-talento-en-accin-certificacin-colegios-geniales-13673714\">Edici\u00f3n&nbsp; N\u00famero 7 del Bolet\u00edn<\/a> \u2013 Recuento de nuestro Conversatorio e invitaci\u00f3n al nuevo programa Formador de Formadores<\/p>\n\n\n\n<p><a href=\"https:\/\/mailchi.mp\/37f1d08995d0\/geniales-el-talento-en-accin-certificacin-colegios-geniales-13673722\">Edici\u00f3n N\u00famero 6 del Bolet\u00edn<\/a> \u2013 Invitaci\u00f3n a Conversatorio \u00abTransformando la sociedad desde la Educaci\u00f3n, la Empresa y la Pol\u00edtica\u00bb&nbsp;<\/p>\n\n\n\n<p><a href=\"http:\/\/sh1.sendinblue.com\/v3tad9unpt7e.html?t=1586965301\" target=\"_blank\" rel=\"noreferrer noopener\">Edici\u00f3n N\u00famero 5 del Bolet\u00edn<\/a> \u2013 Balance Programa Geniales en alianza con la Gobernaci\u00f3n de Bol\u00edvar<\/p>\n\n\n\n<p><a href=\"http:\/\/sh1.sendinblue.com\/v2epx9unpt7e.html?t=1586965301\" target=\"_blank\" rel=\"noreferrer noopener\">Edici\u00f3n N\u00famero 4 del Bolet\u00edn<\/a> \u2013 Inici\u00f3 trabajo con la Gobernaci\u00f3n&nbsp;<\/p>\n\n\n\n<p><a href=\"http:\/\/sh1.sendinblue.com\/v105h9unpt7e.html?t=1586965301\" target=\"_blank\" rel=\"noreferrer noopener\">Edici\u00f3n N\u00famero 3 del Bolet\u00edn <\/a>\u2013 Firma de alianza entre la Gobernaci\u00f3n y Fundaci\u00f3n Geniales<\/p>\n\n\n\n<p><a rel=\"noreferrer noopener\" href=\"http:\/\/sh1.sendinblue.com\/2n4059unpt7e.html?t=1586965301\" target=\"_blank\">Edici\u00f3n N\u00famero 2 del Bolet\u00edn<\/a> \u2013 Nueva Imagen de la Fundaci\u00f3n Geniales<a rel=\"noreferrer noopener\" href=\"http:\/\/sh1.sendinblue.com\/2n4059unpt7e.html?t=1586965301\" target=\"_blank\">&nbsp;<\/a><\/p>\n\n\n\n<p><a rel=\"noreferrer noopener\" href=\"http:\/\/sh1.sendinblue.com\/2m22t9unpt7e.html?t=1586965301\" target=\"_blank\">Edici\u00f3n N\u00famero 1 del Bolet\u00edn<\/a> \u2013 &nbsp;Geniales: El Talento en Acci\u00f3n<\/p>\n<\/div><\/div>\n<\/div><\/div><\/div>\n","protected":false},"excerpt":{"rendered":"Este Programa permite realizar un\nviaje hacia el interior de s\u00ed mismo,\niniciando por el conocimiento y\nest\u00edmulo de los talentos naturales&#8230;","protected":false},"author":1,"featured_media":579,"parent":0,"menu_order":3,"comment_status":"closed","ping_status":"closed","template":"","meta":{"_kad_post_transparent":"","_kad_post_title":"hide","_kad_post_layout":"fullwidth","_kad_post_sidebar_id":"","_kad_post_content_style":"","_kad_post_vertical_padding":"","_kad_post_feature":"","_kad_post_feature_position":"","_kad_post_header":false,"_kad_post_footer":false,"_kad_post_classname":"","_vp_format_video_url":"","_vp_image_focal_point":{"x":0.51,"y":0.54},"footnotes":""},"class_list":["post-1542","page","type-page","status-publish","has-post-thumbnail","hentry"],"_links":{"self":[{"href":"https:\/\/www.fundaciongeniales.org\/en\/wp-json\/wp\/v2\/pages\/1542","targetHints":{"allow":["GET"]}}],"collection":[{"href":"https:\/\/www.fundaciongeniales.org\/en\/wp-json\/wp\/v2\/pages"}],"about":[{"href":"https:\/\/www.fundaciongeniales.org\/en\/wp-json\/wp\/v2\/types\/page"}],"author":[{"embeddable":true,"href":"https:\/\/www.fundaciongeniales.org\/en\/wp-json\/wp\/v2\/users\/1"}],"replies":[{"embeddable":true,"href":"https:\/\/www.fundaciongeniales.org\/en\/wp-json\/wp\/v2\/comments?post=1542"}],"version-history":[{"count":22,"href":"https:\/\/www.fundaciongeniales.org\/en\/wp-json\/wp\/v2\/pages\/1542\/revisions"}],"predecessor-version":[{"id":1876,"href":"https:\/\/www.fundaciongeniales.org\/en\/wp-json\/wp\/v2\/pages\/1542\/revisions\/1876"}],"wp:featuredmedia":[{"embeddable":true,"href":"https:\/\/www.fundaciongeniales.org\/en\/wp-json\/wp\/v2\/media\/579"}],"wp:attachment":[{"href":"https:\/\/www.fundaciongeniales.org\/en\/wp-json\/wp\/v2\/media?parent=1542"}],"curies":[{"name":"wp","href":"https:\/\/api.w.org\/{rel}","templated":true}]}}