{"id":1146,"date":"2022-06-07T14:22:30","date_gmt":"2022-06-07T14:22:30","guid":{"rendered":"https:\/\/www.fundaciongeniales.org\/web.fundaciongeniales.org\/?page_id=1146"},"modified":"2022-06-11T01:30:09","modified_gmt":"2022-06-11T01:30:09","slug":"certificacion-como-empresas-geniales","status":"publish","type":"page","link":"https:\/\/www.fundaciongeniales.org\/en\/organizaciones-geniales\/empresas-geniales\/certificacion-como-empresas-geniales\/","title":{"rendered":"F). Certificaci\u00f3n como empresas geniales"},"content":{"rendered":"<style>#kt-layout-id_33ae64-1f{margin-top:0px;margin-bottom:0px;}#kt-layout-id_33ae64-1f > .kt-row-column-wrap{align-content:start;}:where(#kt-layout-id_33ae64-1f > .kt-row-column-wrap) > .wp-block-kadence-column{justify-content:start;}#kt-layout-id_33ae64-1f > .kt-row-column-wrap{column-gap:var(--global-kb-gap-md, 2rem);row-gap:var(--global-kb-gap-md, 2rem);max-width:var( --global-content-width, 1200px );padding-left:var(--global-content-edge-padding);padding-right:var(--global-content-edge-padding);padding-top:var( --global-kb-row-default-top, 25px );padding-bottom:var( --global-kb-row-default-bottom, 25px );padding-top:100px;padding-bottom:100px;padding-left:0px;padding-right:0px;grid-template-columns:minmax(0, 1fr);}#kt-layout-id_33ae64-1f{background-image:url('https:\/\/www.fundaciongeniales.org\/web.fundaciongeniales.org\/wp-content\/uploads\/2022\/06\/banner-5.jpg');background-size:cover;background-position:50% 49%;background-attachment:scroll;background-repeat:no-repeat;}#kt-layout-id_33ae64-1f > .kt-row-layout-overlay{opacity:1;}@media all and (max-width: 1024px){#kt-layout-id_33ae64-1f > .kt-row-column-wrap{grid-template-columns:minmax(0, 1fr);}}@media all and (max-width: 767px){#kt-layout-id_33ae64-1f > .kt-row-column-wrap{padding-top:40px;padding-bottom:40px;padding-left:0px;padding-right:0px;grid-template-columns:minmax(0, 1fr);}}<\/style>\n<div class=\"wp-block-kadence-rowlayout alignnone header-title-1 ht1-mod-b\"><div id=\"kt-layout-id_33ae64-1f\" class=\"kt-row-layout-inner kt-row-has-bg kt-layout-id_33ae64-1f\"><div class=\"kt-row-column-wrap kt-has-1-columns kt-gutter-default kt-v-gutter-default kt-row-valign-top kt-row-layout-equal kt-tab-layout-inherit kt-m-colapse-left-to-right kt-mobile-layout-row kb-theme-content-width\"><style>.kadence-column_1ac099-52 > .kt-inside-inner-col{display:flex;}.kadence-column_1ac099-52 > .kt-inside-inner-col{padding-top:0px;padding-bottom:0px;padding-left:0px;padding-right:0px;}.kadence-column_1ac099-52 > .kt-inside-inner-col{border-top-width:0px;border-right-width:0px;border-bottom-width:0px;border-left-width:0px;}.kadence-column_1ac099-52 > .kt-inside-inner-col,.kadence-column_1ac099-52 > .kt-inside-inner-col:before{border-top-left-radius:0px;border-top-right-radius:0px;border-bottom-right-radius:0px;border-bottom-left-radius:0px;}.kadence-column_1ac099-52 > .kt-inside-inner-col{column-gap:var(--global-kb-gap-sm, 1rem);}.kadence-column_1ac099-52 > .kt-inside-inner-col{flex-direction:column;justify-content:flex-start;}.kadence-column_1ac099-52 > .kt-inside-inner-col > .aligncenter{width:100%;}.kt-row-column-wrap > .kadence-column_1ac099-52{align-self:flex-start;}.kt-inner-column-height-full:not(.kt-has-1-columns) > .wp-block-kadence-column.kadence-column_1ac099-52{align-self:auto;}.kt-inner-column-height-full:not(.kt-has-1-columns) > .wp-block-kadence-column.kadence-column_1ac099-52 > .kt-inside-inner-col{flex-direction:column;justify-content:flex-start;}.kadence-column_1ac099-52 > .kt-inside-inner-col:before{opacity:0.3;}.kadence-column_1ac099-52{text-align:left;}.kadence-column_1ac099-52{position:relative;}.wp-block-kadence-column.kadence-column_1ac099-52 > .kt-inside-inner-col{margin-top:0px;margin-bottom:0px;margin-right:0px;margin-left:0px;}@media all and (max-width: 1024px){.kt-row-column-wrap > .kadence-column_1ac099-52{align-self:flex-start;}}@media all and (max-width: 1024px){.kt-inner-column-height-full:not(.kt-has-1-columns) > .wp-block-kadence-column.kadence-column_1ac099-52{align-self:auto;}}@media all and (max-width: 1024px){.kt-inner-column-height-full:not(.kt-has-1-columns) > .wp-block-kadence-column.kadence-column_1ac099-52 > .kt-inside-inner-col{flex-direction:column;justify-content:flex-start;}}@media all and (max-width: 1024px){.kadence-column_1ac099-52 > .kt-inside-inner-col{flex-direction:column;justify-content:flex-start;}}@media all and (max-width: 767px){.kt-row-column-wrap > .kadence-column_1ac099-52{align-self:flex-start;}.kt-inner-column-height-full:not(.kt-has-1-columns) > .wp-block-kadence-column.kadence-column_1ac099-52{align-self:auto;}.kt-inner-column-height-full:not(.kt-has-1-columns) > .wp-block-kadence-column.kadence-column_1ac099-52 > .kt-inside-inner-col{flex-direction:column;justify-content:flex-start;}.kadence-column_1ac099-52 > .kt-inside-inner-col{flex-direction:column;justify-content:flex-start;}}<\/style>\n<div class=\"wp-block-kadence-column inner-column-1 kadence-column_1ac099-52\"><div class=\"kt-inside-inner-col\"><\/div><\/div>\n<\/div><\/div><\/div>\n\n\n<style>#kt-layout-id_5edad3-dc > .kt-row-column-wrap{align-content:start;}:where(#kt-layout-id_5edad3-dc > .kt-row-column-wrap) > .wp-block-kadence-column{justify-content:start;}#kt-layout-id_5edad3-dc > .kt-row-column-wrap{column-gap:var(--global-kb-gap-md, 2rem);row-gap:var(--global-kb-gap-md, 2rem);max-width:890px;margin-left:auto;margin-right:auto;padding-top:var( --global-kb-row-default-top, 25px );padding-bottom:var( --global-kb-row-default-bottom, 25px );padding-top:80px;padding-bottom:100px;padding-left:15px;padding-right:15px;grid-template-columns:minmax(0, 1fr);}#kt-layout-id_5edad3-dc > .kt-row-layout-overlay{opacity:0.30;}@media all and (max-width: 1024px){#kt-layout-id_5edad3-dc > .kt-row-column-wrap{grid-template-columns:minmax(0, 1fr);}}@media all and (max-width: 767px){#kt-layout-id_5edad3-dc > .kt-row-column-wrap{grid-template-columns:minmax(0, 1fr);}}<\/style>\n<div class=\"wp-block-kadence-rowlayout alignnone\"><div id=\"kt-layout-id_5edad3-dc\" class=\"kt-row-layout-inner kt-layout-id_5edad3-dc\"><div class=\"kt-row-column-wrap kt-has-1-columns kt-gutter-default kt-v-gutter-default kt-row-valign-top kt-row-layout-equal kt-tab-layout-inherit kt-m-colapse-left-to-right kt-mobile-layout-row\"><style>.kadence-column_958a5c-b9 > .kt-inside-inner-col{border-top-width:0px;border-right-width:0px;border-bottom-width:0px;border-left-width:0px;}.kadence-column_958a5c-b9 > .kt-inside-inner-col,.kadence-column_958a5c-b9 > .kt-inside-inner-col:before{border-top-left-radius:0px;border-top-right-radius:0px;border-bottom-right-radius:0px;border-bottom-left-radius:0px;}.kadence-column_958a5c-b9 > .kt-inside-inner-col{column-gap:var(--global-kb-gap-sm, 1rem);}.kadence-column_958a5c-b9 > .kt-inside-inner-col{flex-direction:column;}.kadence-column_958a5c-b9 > .kt-inside-inner-col > .aligncenter{width:100%;}.kadence-column_958a5c-b9 > .kt-inside-inner-col:before{opacity:0.3;}.kadence-column_958a5c-b9{position:relative;}@media all and (max-width: 1024px){.kadence-column_958a5c-b9 > .kt-inside-inner-col{flex-direction:column;justify-content:center;}}@media all and (max-width: 767px){.kadence-column_958a5c-b9 > .kt-inside-inner-col{flex-direction:column;justify-content:center;}}<\/style>\n<div class=\"wp-block-kadence-column inner-column-1 kadence-column_958a5c-b9\"><div class=\"kt-inside-inner-col\"><div class=\"wp-block-image\">\n<figure class=\"aligncenter size-large is-resized\"><img loading=\"lazy\" decoding=\"async\" src=\"https:\/\/www.fundaciongeniales.org\/web.fundaciongeniales.org\/wp-content\/uploads\/2022\/06\/certificado-de-empresas-geniales.svg\" alt=\"\" class=\"wp-image-1147\" width=\"250\" height=\"250\"\/><\/figure>\n<\/div>\n\n<style>.wp-block-kadence-advancedheading.kt-adv-heading_8c13b1-77, .wp-block-kadence-advancedheading.kt-adv-heading_8c13b1-77[data-kb-block=\"kb-adv-heading_8c13b1-77\"]{margin-bottom:0px;text-align:center;font-size:30px;line-height:67px;font-style:normal;letter-spacing:4px;}.wp-block-kadence-advancedheading.kt-adv-heading_8c13b1-77 mark.kt-highlight, .wp-block-kadence-advancedheading.kt-adv-heading_8c13b1-77[data-kb-block=\"kb-adv-heading_8c13b1-77\"] mark.kt-highlight{font-style:normal;color:#f76a0c;-webkit-box-decoration-break:clone;box-decoration-break:clone;padding-top:0px;padding-right:0px;padding-bottom:0px;padding-left:0px;}.wp-block-kadence-advancedheading.kt-adv-heading_8c13b1-77 img.kb-inline-image, .wp-block-kadence-advancedheading.kt-adv-heading_8c13b1-77[data-kb-block=\"kb-adv-heading_8c13b1-77\"] img.kb-inline-image{width:150px;vertical-align:baseline;}<\/style>\n<h2 class=\"kt-adv-heading_8c13b1-77 wp-block-kadence-advancedheading\" data-kb-block=\"kb-adv-heading_8c13b1-77\">EMPRESAS GENIALES<\/h2>\n\n\n<style>.wp-block-kadence-advancedheading.kt-adv-heading_1f594b-4b, .wp-block-kadence-advancedheading.kt-adv-heading_1f594b-4b[data-kb-block=\"kb-adv-heading_1f594b-4b\"]{text-align:center;font-style:normal;}.wp-block-kadence-advancedheading.kt-adv-heading_1f594b-4b mark.kt-highlight, .wp-block-kadence-advancedheading.kt-adv-heading_1f594b-4b[data-kb-block=\"kb-adv-heading_1f594b-4b\"] mark.kt-highlight{font-style:normal;color:#f76a0c;-webkit-box-decoration-break:clone;box-decoration-break:clone;padding-top:0px;padding-right:0px;padding-bottom:0px;padding-left:0px;}.wp-block-kadence-advancedheading.kt-adv-heading_1f594b-4b img.kb-inline-image, .wp-block-kadence-advancedheading.kt-adv-heading_1f594b-4b[data-kb-block=\"kb-adv-heading_1f594b-4b\"] img.kb-inline-image{width:150px;vertical-align:baseline;}<\/style>\n<h2 class=\"kt-adv-heading_1f594b-4b wp-block-kadence-advancedheading\" data-kb-block=\"kb-adv-heading_1f594b-4b\">F). CERTIFICACI\u00d3N COMO<br>EMPRESAS GENIALES<\/h2>\n\n\n\n<p class=\"has-text-align-center\">Las empresas que patrocinan los Programas sociales de Geniales, obtienen proyecci\u00f3n y reconocimiento como organizaci\u00f3n que apoya el crecimiento del SER en las competencias socioemocionales, buscando una mejor sociedad.<\/p>\n\n\n\n<p class=\"has-text-align-center\"><br>Una EMPRESA GENIAL invierte en el mejoramiento y transformaci\u00f3n de sus colaboradores y aporta a programas que benefician a la comunidad, a trav\u00e9s de nuestros programas de formaci\u00f3n integral.<\/p>\n\n\n\n<p class=\"has-text-align-center\"><br>La Fundaci\u00f3n Geniales involucra a las organizaciones y personas en la transformaci\u00f3n de realidades, a trav\u00e9s de Programas de Desarrollo Humano Integral que estimulan el reconocimiento de los talentos, valores y potencialidades propios de cada persona, tanto al interior de las empresas como en sus grupos de inter\u00e9s, que generen prosperidad y felicidad.<\/p>\n\n\n\n<p class=\"has-text-align-center\"><br>Somos el aliado estrat\u00e9gico para acompa\u00f1ar a las empresas, con nuestra experiencia de transformaci\u00f3n personal y social, en su gesti\u00f3n corporativa para contribuir al desarrollo econ\u00f3mico de la regi\u00f3n y el pa\u00eds.<\/p>\n\n\n\n<p class=\"has-text-align-center\"><br>Tenemos varias alternativas a disposici\u00f3n de las empresas para que se certifiquen con el sello Geniales:<br><\/p>\n\n\n\n<ol class=\"wp-block-list\"><li>Capacitar a su personal en el Programa Geniales.<\/li><li>Realizar Programas de Fortalecimiento de Competencias<\/li><li>Brindar el Programa Vacaciones Geniales a los hijos de sus empleados<\/li><li>Aportar mensualmente a los Programas sociales<\/li><li>Patrocinar el Programa Geniales en una Instituci\u00f3n educativa o comunidad.<\/li><\/ol>\n\n\n\n<p class=\"has-text-align-center\">La participaci\u00f3n de las organizaciones en nuestras iniciativas, les permiten obtener:<\/p>\n\n\n\n<ul class=\"wp-block-list\"><li>Reconocimiento y prestigio por su compromiso y colaboraci\u00f3n activa en soluciones que generan bien com\u00fan, en especial en el \u00e1rea educativa que es nuestro foco central de responsabilidad social.<br><\/li><li>Los beneficios que se derivan de la realizaci\u00f3n de los Programas Geniales al interior de la empresa que generan motivaci\u00f3n en los l\u00edderes, colaboradores y sus familias, basados en el autoconocimiento y desarrollo del potencial de sus talentos predominantes y competencias socioemocionales.<br><\/li><li>Beneficios tributarios al destinar aportes econ\u00f3micos en programas sociales.<\/li><\/ul>\n<\/div><\/div>\n<\/div><\/div><\/div>\n","protected":false},"excerpt":{"rendered":"EMPRESAS GENIALES F). CERTIFICACI\u00d3N COMOEMPRESAS GENIALES Las empresas que patrocinan los Programas sociales de Geniales, obtienen proyecci\u00f3n y reconocimiento como organizaci\u00f3n que apoya el crecimiento del SER en las competencias socioemocionales, buscando una mejor sociedad. Una EMPRESA GENIAL invierte en el mejoramiento y transformaci\u00f3n de sus colaboradores y aporta a programas que benefician a la&#8230;","protected":false},"author":1,"featured_media":1082,"parent":1078,"menu_order":9,"comment_status":"closed","ping_status":"closed","template":"","meta":{"_kad_post_transparent":"","_kad_post_title":"hide","_kad_post_layout":"fullwidth","_kad_post_sidebar_id":"","_kad_post_content_style":"","_kad_post_vertical_padding":"","_kad_post_feature":"","_kad_post_feature_position":"","_kad_post_header":false,"_kad_post_footer":false,"_kad_post_classname":"","_vp_format_video_url":"","_vp_image_focal_point":{"x":0.51,"y":0.54},"footnotes":""},"class_list":["post-1146","page","type-page","status-publish","has-post-thumbnail","hentry"],"_links":{"self":[{"href":"https:\/\/www.fundaciongeniales.org\/en\/wp-json\/wp\/v2\/pages\/1146","targetHints":{"allow":["GET"]}}],"collection":[{"href":"https:\/\/www.fundaciongeniales.org\/en\/wp-json\/wp\/v2\/pages"}],"about":[{"href":"https:\/\/www.fundaciongeniales.org\/en\/wp-json\/wp\/v2\/types\/page"}],"author":[{"embeddable":true,"href":"https:\/\/www.fundaciongeniales.org\/en\/wp-json\/wp\/v2\/users\/1"}],"replies":[{"embeddable":true,"href":"https:\/\/www.fundaciongeniales.org\/en\/wp-json\/wp\/v2\/comments?post=1146"}],"version-history":[{"count":6,"href":"https:\/\/www.fundaciongeniales.org\/en\/wp-json\/wp\/v2\/pages\/1146\/revisions"}],"predecessor-version":[{"id":1227,"href":"https:\/\/www.fundaciongeniales.org\/en\/wp-json\/wp\/v2\/pages\/1146\/revisions\/1227"}],"up":[{"embeddable":true,"href":"https:\/\/www.fundaciongeniales.org\/en\/wp-json\/wp\/v2\/pages\/1078"}],"wp:featuredmedia":[{"embeddable":true,"href":"https:\/\/www.fundaciongeniales.org\/en\/wp-json\/wp\/v2\/media\/1082"}],"wp:attachment":[{"href":"https:\/\/www.fundaciongeniales.org\/en\/wp-json\/wp\/v2\/media?parent=1146"}],"curies":[{"name":"wp","href":"https:\/\/api.w.org\/{rel}","templated":true}]}}