{"id":1139,"date":"2022-06-07T13:45:19","date_gmt":"2022-06-07T13:45:19","guid":{"rendered":"https:\/\/www.fundaciongeniales.org\/web.fundaciongeniales.org\/?page_id=1139"},"modified":"2022-06-11T01:30:54","modified_gmt":"2022-06-11T01:30:54","slug":"apoyo-a-instituciones-educativas-o-comunidades","status":"publish","type":"page","link":"https:\/\/www.fundaciongeniales.org\/en\/organizaciones-geniales\/empresas-geniales\/apoyo-a-instituciones-educativas-o-comunidades\/","title":{"rendered":"E). Apoyo a Instituciones Educativas o Comunidades"},"content":{"rendered":"<style>#kt-layout-id_33ae64-1f{margin-top:0px;margin-bottom:0px;}#kt-layout-id_33ae64-1f > .kt-row-column-wrap{align-content:start;}:where(#kt-layout-id_33ae64-1f > .kt-row-column-wrap) > .wp-block-kadence-column{justify-content:start;}#kt-layout-id_33ae64-1f > .kt-row-column-wrap{column-gap:var(--global-kb-gap-md, 2rem);row-gap:var(--global-kb-gap-md, 2rem);max-width:var( --global-content-width, 1200px );padding-left:var(--global-content-edge-padding);padding-right:var(--global-content-edge-padding);padding-top:var( --global-kb-row-default-top, 25px );padding-bottom:var( --global-kb-row-default-bottom, 25px );padding-top:100px;padding-bottom:100px;padding-left:0px;padding-right:0px;grid-template-columns:minmax(0, 1fr);}#kt-layout-id_33ae64-1f{background-image:url('https:\/\/www.fundaciongeniales.org\/web.fundaciongeniales.org\/wp-content\/uploads\/2022\/06\/banner-4.jpg');background-size:cover;background-position:50% 49%;background-attachment:scroll;background-repeat:no-repeat;}#kt-layout-id_33ae64-1f > .kt-row-layout-overlay{opacity:1;}@media all and (max-width: 1024px){#kt-layout-id_33ae64-1f > .kt-row-column-wrap{grid-template-columns:minmax(0, 1fr);}}@media all and (max-width: 767px){#kt-layout-id_33ae64-1f > .kt-row-column-wrap{padding-top:40px;padding-bottom:40px;padding-left:0px;padding-right:0px;grid-template-columns:minmax(0, 1fr);}}<\/style>\n<div class=\"wp-block-kadence-rowlayout alignnone header-title-1 ht1-mod-b\"><div id=\"kt-layout-id_33ae64-1f\" class=\"kt-row-layout-inner kt-row-has-bg kt-layout-id_33ae64-1f\"><div class=\"kt-row-column-wrap kt-has-1-columns kt-gutter-default kt-v-gutter-default kt-row-valign-top kt-row-layout-equal kt-tab-layout-inherit kt-m-colapse-left-to-right kt-mobile-layout-row kb-theme-content-width\"><style>.kadence-column_1ac099-52 > .kt-inside-inner-col{display:flex;}.kadence-column_1ac099-52 > .kt-inside-inner-col{padding-top:0px;padding-bottom:0px;padding-left:0px;padding-right:0px;}.kadence-column_1ac099-52 > .kt-inside-inner-col{border-top-width:0px;border-right-width:0px;border-bottom-width:0px;border-left-width:0px;}.kadence-column_1ac099-52 > .kt-inside-inner-col,.kadence-column_1ac099-52 > .kt-inside-inner-col:before{border-top-left-radius:0px;border-top-right-radius:0px;border-bottom-right-radius:0px;border-bottom-left-radius:0px;}.kadence-column_1ac099-52 > .kt-inside-inner-col{column-gap:var(--global-kb-gap-sm, 1rem);}.kadence-column_1ac099-52 > .kt-inside-inner-col{flex-direction:column;justify-content:flex-start;}.kadence-column_1ac099-52 > .kt-inside-inner-col > .aligncenter{width:100%;}.kt-row-column-wrap > .kadence-column_1ac099-52{align-self:flex-start;}.kt-inner-column-height-full:not(.kt-has-1-columns) > .wp-block-kadence-column.kadence-column_1ac099-52{align-self:auto;}.kt-inner-column-height-full:not(.kt-has-1-columns) > .wp-block-kadence-column.kadence-column_1ac099-52 > .kt-inside-inner-col{flex-direction:column;justify-content:flex-start;}.kadence-column_1ac099-52 > .kt-inside-inner-col:before{opacity:0.3;}.kadence-column_1ac099-52{text-align:left;}.kadence-column_1ac099-52{position:relative;}.wp-block-kadence-column.kadence-column_1ac099-52 > .kt-inside-inner-col{margin-top:0px;margin-bottom:0px;margin-right:0px;margin-left:0px;}@media all and (max-width: 1024px){.kt-row-column-wrap > .kadence-column_1ac099-52{align-self:flex-start;}}@media all and (max-width: 1024px){.kt-inner-column-height-full:not(.kt-has-1-columns) > .wp-block-kadence-column.kadence-column_1ac099-52{align-self:auto;}}@media all and (max-width: 1024px){.kt-inner-column-height-full:not(.kt-has-1-columns) > .wp-block-kadence-column.kadence-column_1ac099-52 > .kt-inside-inner-col{flex-direction:column;justify-content:flex-start;}}@media all and (max-width: 1024px){.kadence-column_1ac099-52 > .kt-inside-inner-col{flex-direction:column;justify-content:flex-start;}}@media all and (max-width: 767px){.kt-row-column-wrap > .kadence-column_1ac099-52{align-self:flex-start;}.kt-inner-column-height-full:not(.kt-has-1-columns) > .wp-block-kadence-column.kadence-column_1ac099-52{align-self:auto;}.kt-inner-column-height-full:not(.kt-has-1-columns) > .wp-block-kadence-column.kadence-column_1ac099-52 > .kt-inside-inner-col{flex-direction:column;justify-content:flex-start;}.kadence-column_1ac099-52 > .kt-inside-inner-col{flex-direction:column;justify-content:flex-start;}}<\/style>\n<div class=\"wp-block-kadence-column inner-column-1 kadence-column_1ac099-52\"><div class=\"kt-inside-inner-col\"><\/div><\/div>\n<\/div><\/div><\/div>\n\n\n<style>#kt-layout-id_5edad3-dc > .kt-row-column-wrap{align-content:start;}:where(#kt-layout-id_5edad3-dc > .kt-row-column-wrap) > .wp-block-kadence-column{justify-content:start;}#kt-layout-id_5edad3-dc > .kt-row-column-wrap{column-gap:var(--global-kb-gap-md, 2rem);row-gap:var(--global-kb-gap-md, 2rem);max-width:890px;margin-left:auto;margin-right:auto;padding-top:var( --global-kb-row-default-top, 25px );padding-bottom:var( --global-kb-row-default-bottom, 25px );padding-top:80px;padding-bottom:100px;padding-left:15px;padding-right:15px;grid-template-columns:minmax(0, 1fr);}#kt-layout-id_5edad3-dc > .kt-row-layout-overlay{opacity:0.30;}@media all and (max-width: 1024px){#kt-layout-id_5edad3-dc > .kt-row-column-wrap{grid-template-columns:minmax(0, 1fr);}}@media all and (max-width: 767px){#kt-layout-id_5edad3-dc > .kt-row-column-wrap{grid-template-columns:minmax(0, 1fr);}}<\/style>\n<div class=\"wp-block-kadence-rowlayout alignnone\"><div id=\"kt-layout-id_5edad3-dc\" class=\"kt-row-layout-inner kt-layout-id_5edad3-dc\"><div class=\"kt-row-column-wrap kt-has-1-columns kt-gutter-default kt-v-gutter-default kt-row-valign-top kt-row-layout-equal kt-tab-layout-inherit kt-m-colapse-left-to-right kt-mobile-layout-row\"><style>.kadence-column_958a5c-b9 > .kt-inside-inner-col{border-top-width:0px;border-right-width:0px;border-bottom-width:0px;border-left-width:0px;}.kadence-column_958a5c-b9 > .kt-inside-inner-col,.kadence-column_958a5c-b9 > .kt-inside-inner-col:before{border-top-left-radius:0px;border-top-right-radius:0px;border-bottom-right-radius:0px;border-bottom-left-radius:0px;}.kadence-column_958a5c-b9 > .kt-inside-inner-col{column-gap:var(--global-kb-gap-sm, 1rem);}.kadence-column_958a5c-b9 > .kt-inside-inner-col{flex-direction:column;}.kadence-column_958a5c-b9 > .kt-inside-inner-col > .aligncenter{width:100%;}.kadence-column_958a5c-b9 > .kt-inside-inner-col:before{opacity:0.3;}.kadence-column_958a5c-b9{position:relative;}@media all and (max-width: 1024px){.kadence-column_958a5c-b9 > .kt-inside-inner-col{flex-direction:column;justify-content:center;}}@media all and (max-width: 767px){.kadence-column_958a5c-b9 > .kt-inside-inner-col{flex-direction:column;justify-content:center;}}<\/style>\n<div class=\"wp-block-kadence-column inner-column-1 kadence-column_958a5c-b9\"><div class=\"kt-inside-inner-col\"><style>.wp-block-kadence-advancedheading.kt-adv-heading_6bed7d-a9, .wp-block-kadence-advancedheading.kt-adv-heading_6bed7d-a9[data-kb-block=\"kb-adv-heading_6bed7d-a9\"]{margin-bottom:0px;text-align:center;font-size:30px;line-height:67px;font-style:normal;letter-spacing:4px;}.wp-block-kadence-advancedheading.kt-adv-heading_6bed7d-a9 mark.kt-highlight, .wp-block-kadence-advancedheading.kt-adv-heading_6bed7d-a9[data-kb-block=\"kb-adv-heading_6bed7d-a9\"] mark.kt-highlight{font-style:normal;color:#f76a0c;-webkit-box-decoration-break:clone;box-decoration-break:clone;padding-top:0px;padding-right:0px;padding-bottom:0px;padding-left:0px;}.wp-block-kadence-advancedheading.kt-adv-heading_6bed7d-a9 img.kb-inline-image, .wp-block-kadence-advancedheading.kt-adv-heading_6bed7d-a9[data-kb-block=\"kb-adv-heading_6bed7d-a9\"] img.kb-inline-image{width:150px;vertical-align:baseline;}<\/style>\n<h2 class=\"kt-adv-heading_6bed7d-a9 wp-block-kadence-advancedheading\" data-kb-block=\"kb-adv-heading_6bed7d-a9\">EMPRESAS GENIALES<\/h2>\n\n\n<style>.wp-block-kadence-advancedheading.kt-adv-heading_5993c9-87, .wp-block-kadence-advancedheading.kt-adv-heading_5993c9-87[data-kb-block=\"kb-adv-heading_5993c9-87\"]{text-align:center;font-style:normal;}.wp-block-kadence-advancedheading.kt-adv-heading_5993c9-87 mark.kt-highlight, .wp-block-kadence-advancedheading.kt-adv-heading_5993c9-87[data-kb-block=\"kb-adv-heading_5993c9-87\"] mark.kt-highlight{font-style:normal;color:#f76a0c;-webkit-box-decoration-break:clone;box-decoration-break:clone;padding-top:0px;padding-right:0px;padding-bottom:0px;padding-left:0px;}.wp-block-kadence-advancedheading.kt-adv-heading_5993c9-87 img.kb-inline-image, .wp-block-kadence-advancedheading.kt-adv-heading_5993c9-87[data-kb-block=\"kb-adv-heading_5993c9-87\"] img.kb-inline-image{width:150px;vertical-align:baseline;}<\/style>\n<h2 class=\"kt-adv-heading_5993c9-87 wp-block-kadence-advancedheading\" data-kb-block=\"kb-adv-heading_5993c9-87\">E). APOYO A INSTITUCIONES EDUCATIVAS O COMUNIDADES<\/h2>\n\n\n\n<p class=\"has-text-align-center\">La Fundaci\u00f3n Geniales tiene un profundo inter\u00e9s y compromiso de generar cambios significativos en procesos formativos con ni\u00f1os y j\u00f3venes en las instituciones educativas, como una manera de sentar nuevas bases para el desarrollo social. Es por ello que invitamos a las empresas a vincularse con nosotros para lograr juntos estas transformaciones.<\/p>\n\n\n\n<p class=\"has-text-align-center\"><br>Las cifras desfavorables sobre reprobaci\u00f3n, repitencia y deserci\u00f3n en los niveles de primaria y secundaria en la ciudad de Cartagena esperan intervenciones desde diferentes \u00e1mbitos para lograr la permanencia de los estudiantes en el sistema y una mejor calidad educativa. El conocimiento de las problem\u00e1ticas que viven a nivel escolar ni\u00f1os, ni\u00f1as y j\u00f3venes de comunidades vulnerables, afectan su desempe\u00f1o escolar e inciden altos niveles de frustraci\u00f3n personal. Cambiar este panorama es un reto que como sociedad debemos alcanzar.<\/p>\n\n\n\n<p class=\"has-text-align-center\"><br>Geniales se une tambi\u00e9n al esfuerzo de las empresas de influir positivamente en las comunidades de su c\u00edrculo de influencia, para desarrollar liderazgos y el potencial de sus miembros, aprovechando positivamente los talentos de sus integrantes, logran progresar a nivel individual y colectivo, consiguiendo mejores est\u00e1ndares en su calidad de vida.<\/p>\n\n\n\n<p class=\"has-text-align-center\"><br>De acuerdo con un diagn\u00f3stico previo de las condiciones de las comunidades a intervenir, se dise\u00f1an programas espec\u00edficos y pertinentes que los ayuden a lograr sus metas.<\/p>\n<\/div><\/div>\n<\/div><\/div><\/div>\n\n\n<style>#kt-layout-id_9698ba-54 > .kt-row-column-wrap{align-content:start;}:where(#kt-layout-id_9698ba-54 > .kt-row-column-wrap) > .wp-block-kadence-column{justify-content:start;}#kt-layout-id_9698ba-54 > .kt-row-column-wrap{column-gap:var(--global-kb-gap-md, 2rem);row-gap:var(--global-kb-gap-md, 2rem);max-width:900px;margin-left:auto;margin-right:auto;padding-top:var( --global-kb-row-default-top, 25px );padding-bottom:var( --global-kb-row-default-bottom, 25px );padding-top:70px;padding-bottom:80px;grid-template-columns:minmax(0, 1fr);}#kt-layout-id_9698ba-54 > .kt-row-layout-overlay{opacity:0.30;}@media all and (max-width: 1024px){#kt-layout-id_9698ba-54 > .kt-row-column-wrap{grid-template-columns:minmax(0, 1fr);}}@media all and (max-width: 767px){#kt-layout-id_9698ba-54 > .kt-row-column-wrap{grid-template-columns:minmax(0, 1fr);}}<\/style>\n<div class=\"wp-block-kadence-rowlayout alignnone\"><div id=\"kt-layout-id_9698ba-54\" class=\"kt-row-layout-inner kt-row-has-bg kt-layout-id_9698ba-54 has-theme-palette-8-background-color\"><div class=\"kt-row-column-wrap kt-has-1-columns kt-gutter-default kt-v-gutter-default kt-row-valign-top kt-row-layout-equal kt-tab-layout-inherit kt-m-colapse-left-to-right kt-mobile-layout-row\"><style>.kadence-column_e7d5da-4d > .kt-inside-inner-col{border-top-width:0px;border-right-width:0px;border-bottom-width:0px;border-left-width:0px;}.kadence-column_e7d5da-4d > .kt-inside-inner-col,.kadence-column_e7d5da-4d > .kt-inside-inner-col:before{border-top-left-radius:0px;border-top-right-radius:0px;border-bottom-right-radius:0px;border-bottom-left-radius:0px;}.kadence-column_e7d5da-4d > .kt-inside-inner-col{column-gap:var(--global-kb-gap-sm, 1rem);}.kadence-column_e7d5da-4d > .kt-inside-inner-col{flex-direction:column;}.kadence-column_e7d5da-4d > .kt-inside-inner-col > .aligncenter{width:100%;}.kadence-column_e7d5da-4d > .kt-inside-inner-col:before{opacity:0.3;}.kadence-column_e7d5da-4d{position:relative;}@media all and (max-width: 1024px){.kadence-column_e7d5da-4d > .kt-inside-inner-col{flex-direction:column;justify-content:center;}}@media all and (max-width: 767px){.kadence-column_e7d5da-4d > .kt-inside-inner-col{flex-direction:column;justify-content:center;}}<\/style>\n<div class=\"wp-block-kadence-column inner-column-1 kadence-column_e7d5da-4d\"><div class=\"kt-inside-inner-col\">\n<h2 class=\"has-text-align-center wp-block-heading\"><strong>OBJETIVO GENERAL<\/strong><\/h2>\n\n\n<style>#kt-layout-id_e09296-7f > .kt-row-column-wrap{align-content:start;}:where(#kt-layout-id_e09296-7f > .kt-row-column-wrap) > .wp-block-kadence-column{justify-content:start;}#kt-layout-id_e09296-7f > .kt-row-column-wrap{column-gap:80px;row-gap:var(--global-kb-gap-md, 2rem);padding-top:var( --global-kb-row-default-top, 25px );padding-bottom:var( --global-kb-row-default-bottom, 25px );padding-top:0px;padding-bottom:0px;grid-template-columns:minmax(0, 1fr);}#kt-layout-id_e09296-7f > .kt-row-layout-overlay{opacity:0.30;}@media all and (max-width: 1024px){#kt-layout-id_e09296-7f > .kt-row-column-wrap{grid-template-columns:minmax(0, 1fr);}}@media all and (max-width: 767px){#kt-layout-id_e09296-7f > .kt-row-column-wrap{grid-template-columns:minmax(0, 1fr);}}<\/style>\n<div class=\"wp-block-kadence-rowlayout alignnone\"><div id=\"kt-layout-id_e09296-7f\" class=\"kt-row-layout-inner kt-layout-id_e09296-7f\"><div class=\"kt-row-column-wrap kt-has-1-columns kt-gutter-widest kt-v-gutter-default kt-row-valign-top kt-row-layout-equal kt-tab-layout-inherit kt-m-colapse-left-to-right kt-mobile-layout-row\"><style>.kadence-column_185bb0-f1 > .kt-inside-inner-col{border-top-width:0px;border-right-width:0px;border-bottom-width:0px;border-left-width:0px;}.kadence-column_185bb0-f1 > .kt-inside-inner-col,.kadence-column_185bb0-f1 > .kt-inside-inner-col:before{border-top-left-radius:0px;border-top-right-radius:0px;border-bottom-right-radius:0px;border-bottom-left-radius:0px;}.kadence-column_185bb0-f1 > .kt-inside-inner-col{column-gap:var(--global-kb-gap-sm, 1rem);}.kadence-column_185bb0-f1 > .kt-inside-inner-col{flex-direction:column;}.kadence-column_185bb0-f1 > .kt-inside-inner-col > .aligncenter{width:100%;}.kadence-column_185bb0-f1 > .kt-inside-inner-col:before{opacity:0.3;}.kadence-column_185bb0-f1{position:relative;}@media all and (max-width: 1024px){.kadence-column_185bb0-f1 > .kt-inside-inner-col{flex-direction:column;justify-content:center;}}@media all and (max-width: 767px){.kadence-column_185bb0-f1 > .kt-inside-inner-col{flex-direction:column;justify-content:center;}}<\/style>\n<div class=\"wp-block-kadence-column inner-column-1 kadence-column_185bb0-f1\"><div class=\"kt-inside-inner-col\">\n<div class=\"wp-block-group\"><div class=\"wp-block-group__inner-container is-layout-flow wp-block-group-is-layout-flow\"><style>.kb-image_35c295-c9:not(.kb-image-is-ratio-size) .kb-img, .kb-image_35c295-c9.kb-image-is-ratio-size{padding-top:40px;padding-bottom:40px;}.kb-image_35c295-c9 .kb-image-has-overlay:after{opacity:0.3;}<\/style>\n<div class=\"wp-block-kadence-image kb-image_35c295-c9\"><figure class=\"aligncenter size-full\"><img loading=\"lazy\" decoding=\"async\" width=\"340\" height=\"340\" src=\"https:\/\/www.fundaciongeniales.org\/web.fundaciongeniales.org\/wp-content\/uploads\/2022\/06\/testimonio-1-1.png\" alt=\"\" class=\"kb-img wp-image-1140\" srcset=\"https:\/\/www.fundaciongeniales.org\/web.fundaciongeniales.org\/wp-content\/uploads\/2022\/06\/testimonio-1-1.png 340w, https:\/\/www.fundaciongeniales.org\/web.fundaciongeniales.org\/wp-content\/uploads\/2022\/06\/testimonio-1-1-100x100.png 100w, https:\/\/www.fundaciongeniales.org\/web.fundaciongeniales.org\/wp-content\/uploads\/2022\/06\/testimonio-1-1-300x300.png 300w, https:\/\/www.fundaciongeniales.org\/web.fundaciongeniales.org\/wp-content\/uploads\/2022\/06\/testimonio-1-1-150x150.png 150w, https:\/\/www.fundaciongeniales.org\/web.fundaciongeniales.org\/wp-content\/uploads\/2022\/06\/testimonio-1-1-12x12.png 12w\" sizes=\"auto, (max-width: 340px) 100vw, 340px\" \/><\/figure><\/div>\n\n\n\n<p class=\"has-text-align-center\">Ofrecer una metodolog\u00eda de relacionamiento proactivo con la comunidad, que contribuya a los compromisos de responsabilidad social corporativa de la empresa. Se asume una inversi\u00f3n socialmente responsable que genera nuevas din\u00e1micas de desarrollo comunitario.<\/p>\n<\/div><\/div>\n<\/div><\/div>\n<\/div><\/div><\/div>\n<\/div><\/div>\n<\/div><\/div><\/div>\n","protected":false},"excerpt":{"rendered":"EMPRESAS GENIALES E). APOYO A INSTITUCIONES EDUCATIVAS O COMUNIDADES La Fundaci\u00f3n Geniales tiene un profundo inter\u00e9s y compromiso de generar cambios significativos en procesos formativos con ni\u00f1os y j\u00f3venes en las instituciones educativas, como una manera de sentar nuevas bases para el desarrollo social. Es por ello que invitamos a las empresas a vincularse con&#8230;","protected":false},"author":1,"featured_media":1081,"parent":1078,"menu_order":10,"comment_status":"closed","ping_status":"closed","template":"","meta":{"_kad_post_transparent":"","_kad_post_title":"hide","_kad_post_layout":"fullwidth","_kad_post_sidebar_id":"","_kad_post_content_style":"","_kad_post_vertical_padding":"","_kad_post_feature":"","_kad_post_feature_position":"","_kad_post_header":false,"_kad_post_footer":false,"_kad_post_classname":"","_vp_format_video_url":"","_vp_image_focal_point":{"x":0.51,"y":0.54},"footnotes":""},"class_list":["post-1139","page","type-page","status-publish","has-post-thumbnail","hentry"],"_links":{"self":[{"href":"https:\/\/www.fundaciongeniales.org\/en\/wp-json\/wp\/v2\/pages\/1139","targetHints":{"allow":["GET"]}}],"collection":[{"href":"https:\/\/www.fundaciongeniales.org\/en\/wp-json\/wp\/v2\/pages"}],"about":[{"href":"https:\/\/www.fundaciongeniales.org\/en\/wp-json\/wp\/v2\/types\/page"}],"author":[{"embeddable":true,"href":"https:\/\/www.fundaciongeniales.org\/en\/wp-json\/wp\/v2\/users\/1"}],"replies":[{"embeddable":true,"href":"https:\/\/www.fundaciongeniales.org\/en\/wp-json\/wp\/v2\/comments?post=1139"}],"version-history":[{"count":7,"href":"https:\/\/www.fundaciongeniales.org\/en\/wp-json\/wp\/v2\/pages\/1139\/revisions"}],"predecessor-version":[{"id":1228,"href":"https:\/\/www.fundaciongeniales.org\/en\/wp-json\/wp\/v2\/pages\/1139\/revisions\/1228"}],"up":[{"embeddable":true,"href":"https:\/\/www.fundaciongeniales.org\/en\/wp-json\/wp\/v2\/pages\/1078"}],"wp:featuredmedia":[{"embeddable":true,"href":"https:\/\/www.fundaciongeniales.org\/en\/wp-json\/wp\/v2\/media\/1081"}],"wp:attachment":[{"href":"https:\/\/www.fundaciongeniales.org\/en\/wp-json\/wp\/v2\/media?parent=1139"}],"curies":[{"name":"wp","href":"https:\/\/api.w.org\/{rel}","templated":true}]}}