{"id":1113,"date":"2022-06-06T23:26:46","date_gmt":"2022-06-06T23:26:46","guid":{"rendered":"https:\/\/www.fundaciongeniales.org\/web.fundaciongeniales.org\/?page_id=1113"},"modified":"2022-06-11T01:31:51","modified_gmt":"2022-06-11T01:31:51","slug":"fortalecimiento-en-otras-competencias","status":"publish","type":"page","link":"https:\/\/www.fundaciongeniales.org\/en\/organizaciones-geniales\/empresas-geniales\/fortalecimiento-en-otras-competencias\/","title":{"rendered":"B).\u00a0Fortalecimiento en otras competencias"},"content":{"rendered":"<style>#kt-layout-id_33ae64-1f{margin-top:0px;margin-bottom:0px;}#kt-layout-id_33ae64-1f > .kt-row-column-wrap{align-content:start;}:where(#kt-layout-id_33ae64-1f > .kt-row-column-wrap) > .wp-block-kadence-column{justify-content:start;}#kt-layout-id_33ae64-1f > .kt-row-column-wrap{column-gap:var(--global-kb-gap-md, 2rem);row-gap:var(--global-kb-gap-md, 2rem);max-width:var( --global-content-width, 1200px );padding-left:var(--global-content-edge-padding);padding-right:var(--global-content-edge-padding);padding-top:var( --global-kb-row-default-top, 25px );padding-bottom:var( --global-kb-row-default-bottom, 25px );padding-top:100px;padding-bottom:100px;padding-left:0px;padding-right:0px;grid-template-columns:minmax(0, 1fr);}#kt-layout-id_33ae64-1f{background-image:url('https:\/\/www.fundaciongeniales.org\/web.fundaciongeniales.org\/wp-content\/uploads\/2022\/06\/ORGANIZACIONES-EMPRESAS-GENIALES-B.jpg');background-size:cover;background-position:50% 49%;background-attachment:scroll;background-repeat:no-repeat;}#kt-layout-id_33ae64-1f > .kt-row-layout-overlay{opacity:1;}@media all and (max-width: 1024px){#kt-layout-id_33ae64-1f > .kt-row-column-wrap{grid-template-columns:minmax(0, 1fr);}}@media all and (max-width: 767px){#kt-layout-id_33ae64-1f > .kt-row-column-wrap{padding-top:40px;padding-bottom:40px;padding-left:0px;padding-right:0px;grid-template-columns:minmax(0, 1fr);}}<\/style>\n<div class=\"wp-block-kadence-rowlayout alignnone header-title-1 ht1-mod-a\"><div id=\"kt-layout-id_33ae64-1f\" class=\"kt-row-layout-inner kt-row-has-bg kt-layout-id_33ae64-1f\"><div class=\"kt-row-column-wrap kt-has-1-columns kt-gutter-default kt-v-gutter-default kt-row-valign-top kt-row-layout-equal kt-tab-layout-inherit kt-m-colapse-left-to-right kt-mobile-layout-row kb-theme-content-width\"><style>.kadence-column_1ac099-52 > .kt-inside-inner-col{display:flex;}.kadence-column_1ac099-52 > .kt-inside-inner-col{padding-top:0px;padding-bottom:0px;padding-left:0px;padding-right:0px;}.kadence-column_1ac099-52 > .kt-inside-inner-col{border-top-width:0px;border-right-width:0px;border-bottom-width:0px;border-left-width:0px;}.kadence-column_1ac099-52 > .kt-inside-inner-col,.kadence-column_1ac099-52 > .kt-inside-inner-col:before{border-top-left-radius:0px;border-top-right-radius:0px;border-bottom-right-radius:0px;border-bottom-left-radius:0px;}.kadence-column_1ac099-52 > .kt-inside-inner-col{column-gap:var(--global-kb-gap-sm, 1rem);}.kadence-column_1ac099-52 > .kt-inside-inner-col{flex-direction:column;justify-content:flex-start;}.kadence-column_1ac099-52 > .kt-inside-inner-col > .aligncenter{width:100%;}.kt-row-column-wrap > .kadence-column_1ac099-52{align-self:flex-start;}.kt-inner-column-height-full:not(.kt-has-1-columns) > .wp-block-kadence-column.kadence-column_1ac099-52{align-self:auto;}.kt-inner-column-height-full:not(.kt-has-1-columns) > .wp-block-kadence-column.kadence-column_1ac099-52 > .kt-inside-inner-col{flex-direction:column;justify-content:flex-start;}.kadence-column_1ac099-52 > .kt-inside-inner-col:before{opacity:0.3;}.kadence-column_1ac099-52{text-align:left;}.kadence-column_1ac099-52{position:relative;}.wp-block-kadence-column.kadence-column_1ac099-52 > .kt-inside-inner-col{margin-top:0px;margin-bottom:0px;margin-right:0px;margin-left:0px;}@media all and (max-width: 1024px){.kt-row-column-wrap > .kadence-column_1ac099-52{align-self:flex-start;}}@media all and (max-width: 1024px){.kt-inner-column-height-full:not(.kt-has-1-columns) > .wp-block-kadence-column.kadence-column_1ac099-52{align-self:auto;}}@media all and (max-width: 1024px){.kt-inner-column-height-full:not(.kt-has-1-columns) > .wp-block-kadence-column.kadence-column_1ac099-52 > .kt-inside-inner-col{flex-direction:column;justify-content:flex-start;}}@media all and (max-width: 1024px){.kadence-column_1ac099-52 > .kt-inside-inner-col{flex-direction:column;justify-content:flex-start;}}@media all and (max-width: 767px){.kt-row-column-wrap > .kadence-column_1ac099-52{align-self:flex-start;}.kt-inner-column-height-full:not(.kt-has-1-columns) > .wp-block-kadence-column.kadence-column_1ac099-52{align-self:auto;}.kt-inner-column-height-full:not(.kt-has-1-columns) > .wp-block-kadence-column.kadence-column_1ac099-52 > .kt-inside-inner-col{flex-direction:column;justify-content:flex-start;}.kadence-column_1ac099-52 > .kt-inside-inner-col{flex-direction:column;justify-content:flex-start;}}<\/style>\n<div class=\"wp-block-kadence-column inner-column-1 kadence-column_1ac099-52\"><div class=\"kt-inside-inner-col\"><\/div><\/div>\n<\/div><\/div><\/div>\n\n\n<style>#kt-layout-id_5edad3-dc > .kt-row-column-wrap{align-content:start;}:where(#kt-layout-id_5edad3-dc > .kt-row-column-wrap) > .wp-block-kadence-column{justify-content:start;}#kt-layout-id_5edad3-dc > .kt-row-column-wrap{column-gap:var(--global-kb-gap-md, 2rem);row-gap:var(--global-kb-gap-md, 2rem);max-width:890px;margin-left:auto;margin-right:auto;padding-top:var( --global-kb-row-default-top, 25px );padding-bottom:var( --global-kb-row-default-bottom, 25px );padding-top:80px;padding-bottom:100px;padding-left:15px;padding-right:15px;grid-template-columns:minmax(0, 1fr);}#kt-layout-id_5edad3-dc > .kt-row-layout-overlay{opacity:0.30;}@media all and (max-width: 1024px){#kt-layout-id_5edad3-dc > .kt-row-column-wrap{grid-template-columns:minmax(0, 1fr);}}@media all and (max-width: 767px){#kt-layout-id_5edad3-dc > .kt-row-column-wrap{grid-template-columns:minmax(0, 1fr);}}<\/style>\n<div class=\"wp-block-kadence-rowlayout alignnone\"><div id=\"kt-layout-id_5edad3-dc\" class=\"kt-row-layout-inner kt-layout-id_5edad3-dc\"><div class=\"kt-row-column-wrap kt-has-1-columns kt-gutter-default kt-v-gutter-default kt-row-valign-top kt-row-layout-equal kt-tab-layout-inherit kt-m-colapse-left-to-right kt-mobile-layout-row\"><style>.kadence-column_958a5c-b9 > .kt-inside-inner-col{border-top-width:0px;border-right-width:0px;border-bottom-width:0px;border-left-width:0px;}.kadence-column_958a5c-b9 > .kt-inside-inner-col,.kadence-column_958a5c-b9 > .kt-inside-inner-col:before{border-top-left-radius:0px;border-top-right-radius:0px;border-bottom-right-radius:0px;border-bottom-left-radius:0px;}.kadence-column_958a5c-b9 > .kt-inside-inner-col{column-gap:var(--global-kb-gap-sm, 1rem);}.kadence-column_958a5c-b9 > .kt-inside-inner-col{flex-direction:column;}.kadence-column_958a5c-b9 > .kt-inside-inner-col > .aligncenter{width:100%;}.kadence-column_958a5c-b9 > .kt-inside-inner-col:before{opacity:0.3;}.kadence-column_958a5c-b9{position:relative;}@media all and (max-width: 1024px){.kadence-column_958a5c-b9 > .kt-inside-inner-col{flex-direction:column;justify-content:center;}}@media all and (max-width: 767px){.kadence-column_958a5c-b9 > .kt-inside-inner-col{flex-direction:column;justify-content:center;}}<\/style>\n<div class=\"wp-block-kadence-column inner-column-1 kadence-column_958a5c-b9\"><div class=\"kt-inside-inner-col\"><style>.wp-block-kadence-advancedheading.kt-adv-heading_6bed7d-a9, .wp-block-kadence-advancedheading.kt-adv-heading_6bed7d-a9[data-kb-block=\"kb-adv-heading_6bed7d-a9\"]{margin-bottom:0px;text-align:center;font-size:30px;line-height:67px;font-style:normal;letter-spacing:4px;}.wp-block-kadence-advancedheading.kt-adv-heading_6bed7d-a9 mark.kt-highlight, .wp-block-kadence-advancedheading.kt-adv-heading_6bed7d-a9[data-kb-block=\"kb-adv-heading_6bed7d-a9\"] mark.kt-highlight{font-style:normal;color:#f76a0c;-webkit-box-decoration-break:clone;box-decoration-break:clone;padding-top:0px;padding-right:0px;padding-bottom:0px;padding-left:0px;}.wp-block-kadence-advancedheading.kt-adv-heading_6bed7d-a9 img.kb-inline-image, .wp-block-kadence-advancedheading.kt-adv-heading_6bed7d-a9[data-kb-block=\"kb-adv-heading_6bed7d-a9\"] img.kb-inline-image{width:150px;vertical-align:baseline;}<\/style>\n<h2 class=\"kt-adv-heading_6bed7d-a9 wp-block-kadence-advancedheading\" data-kb-block=\"kb-adv-heading_6bed7d-a9\">EMPRESAS GENIALES<\/h2>\n\n\n<style>.wp-block-kadence-advancedheading.kt-adv-heading_98bbf4-2f, .wp-block-kadence-advancedheading.kt-adv-heading_98bbf4-2f[data-kb-block=\"kb-adv-heading_98bbf4-2f\"]{text-align:center;font-style:normal;}.wp-block-kadence-advancedheading.kt-adv-heading_98bbf4-2f mark.kt-highlight, .wp-block-kadence-advancedheading.kt-adv-heading_98bbf4-2f[data-kb-block=\"kb-adv-heading_98bbf4-2f\"] mark.kt-highlight{font-style:normal;color:#f76a0c;-webkit-box-decoration-break:clone;box-decoration-break:clone;padding-top:0px;padding-right:0px;padding-bottom:0px;padding-left:0px;}.wp-block-kadence-advancedheading.kt-adv-heading_98bbf4-2f img.kb-inline-image, .wp-block-kadence-advancedheading.kt-adv-heading_98bbf4-2f[data-kb-block=\"kb-adv-heading_98bbf4-2f\"] img.kb-inline-image{width:150px;vertical-align:baseline;}<\/style>\n<h2 class=\"kt-adv-heading_98bbf4-2f wp-block-kadence-advancedheading\" data-kb-block=\"kb-adv-heading_98bbf4-2f\">B). FORTALECIMIENTO EN OTRAS COMPETENCIAS<\/h2>\n\n\n<style>.wp-block-kadence-advancedheading.kt-adv-heading_b0879b-6e, .wp-block-kadence-advancedheading.kt-adv-heading_b0879b-6e[data-kb-block=\"kb-adv-heading_b0879b-6e\"]{margin-bottom:0px;text-align:center;font-size:30px;line-height:67px;font-style:normal;letter-spacing:1px;}.wp-block-kadence-advancedheading.kt-adv-heading_b0879b-6e mark.kt-highlight, .wp-block-kadence-advancedheading.kt-adv-heading_b0879b-6e[data-kb-block=\"kb-adv-heading_b0879b-6e\"] mark.kt-highlight{font-style:normal;color:#f76a0c;-webkit-box-decoration-break:clone;box-decoration-break:clone;padding-top:0px;padding-right:0px;padding-bottom:0px;padding-left:0px;}.wp-block-kadence-advancedheading.kt-adv-heading_b0879b-6e img.kb-inline-image, .wp-block-kadence-advancedheading.kt-adv-heading_b0879b-6e[data-kb-block=\"kb-adv-heading_b0879b-6e\"] img.kb-inline-image{width:150px;vertical-align:baseline;}<\/style>\n<h1 class=\"kt-adv-heading_b0879b-6e wp-block-kadence-advancedheading\" data-kb-block=\"kb-adv-heading_b0879b-6e\">Alianza entre Geniales y The Talent System<\/h1>\n\n\n\n<p class=\"has-text-align-center\">La aplicaci\u00f3n del test THT (desarrollado por la firma The Talent System) es una t\u00e9cnica que permite entenderse mejor a s\u00ed mismo y a la gente, apoyado en los cuatro temperamentos de Hip\u00f3crates y en la teor\u00eda del DISC. Se realiza por medio de un procedimiento estandarizado el cual parte de la valoraci\u00f3n de todos o de grupos de colaboradores de la empresa y la generaci\u00f3n de informes completos y amigables con plan de acci\u00f3n por grupos y personas.<\/p>\n\n\n\n<p class=\"has-text-align-center\"><br>Los resultados del test arrojan informaci\u00f3n muy valiosa para hacer alineaci\u00f3n dentro de los equipos de trabajo, identificar competencias, generar sinergia y elaborar planes de desarrollo individual, con recomendaciones de libros y videos para cada persona. De igual forma, con el informe consolidado podr\u00e1 saber c\u00f3mo motivar a su gente e identificar estilos de liderazgo de acuerdo con el temperamento de cada persona.<\/p>\n<\/div><\/div>\n<\/div><\/div><\/div>\n\n\n<style>#kt-layout-id_9698ba-54 > .kt-row-column-wrap{align-content:start;}:where(#kt-layout-id_9698ba-54 > .kt-row-column-wrap) > .wp-block-kadence-column{justify-content:start;}#kt-layout-id_9698ba-54 > .kt-row-column-wrap{column-gap:var(--global-kb-gap-md, 2rem);row-gap:var(--global-kb-gap-md, 2rem);max-width:var( --global-content-width, 1200px );padding-left:var(--global-content-edge-padding);padding-right:var(--global-content-edge-padding);padding-top:var( --global-kb-row-default-top, 25px );padding-bottom:var( --global-kb-row-default-bottom, 25px );padding-top:80px;padding-bottom:80px;grid-template-columns:minmax(0, 1fr);}#kt-layout-id_9698ba-54 > .kt-row-layout-overlay{opacity:0.30;}@media all and (max-width: 1024px){#kt-layout-id_9698ba-54 > .kt-row-column-wrap{grid-template-columns:minmax(0, 1fr);}}@media all and (max-width: 767px){#kt-layout-id_9698ba-54 > .kt-row-column-wrap{grid-template-columns:minmax(0, 1fr);}}<\/style>\n<div class=\"wp-block-kadence-rowlayout alignnone\"><div id=\"kt-layout-id_9698ba-54\" class=\"kt-row-layout-inner kt-row-has-bg kt-layout-id_9698ba-54 has-theme-palette-8-background-color\"><div class=\"kt-row-column-wrap kt-has-1-columns kt-gutter-default kt-v-gutter-default kt-row-valign-top kt-row-layout-equal kt-tab-layout-inherit kt-m-colapse-left-to-right kt-mobile-layout-row kb-theme-content-width\"><style>.kadence-column_e7d5da-4d > .kt-inside-inner-col{border-top-width:0px;border-right-width:0px;border-bottom-width:0px;border-left-width:0px;}.kadence-column_e7d5da-4d > .kt-inside-inner-col,.kadence-column_e7d5da-4d > .kt-inside-inner-col:before{border-top-left-radius:0px;border-top-right-radius:0px;border-bottom-right-radius:0px;border-bottom-left-radius:0px;}.kadence-column_e7d5da-4d > .kt-inside-inner-col{column-gap:var(--global-kb-gap-sm, 1rem);}.kadence-column_e7d5da-4d > .kt-inside-inner-col{flex-direction:column;}.kadence-column_e7d5da-4d > .kt-inside-inner-col > .aligncenter{width:100%;}.kadence-column_e7d5da-4d > .kt-inside-inner-col:before{opacity:0.3;}.kadence-column_e7d5da-4d{position:relative;}@media all and (max-width: 1024px){.kadence-column_e7d5da-4d > .kt-inside-inner-col{flex-direction:column;justify-content:center;}}@media all and (max-width: 767px){.kadence-column_e7d5da-4d > .kt-inside-inner-col{flex-direction:column;justify-content:center;}}<\/style>\n<div class=\"wp-block-kadence-column inner-column-1 kadence-column_e7d5da-4d\"><div class=\"kt-inside-inner-col\"><style>.kadence-column_c6ff45-e7 > .kt-inside-inner-col{border-top-width:0px;border-right-width:0px;border-bottom-width:0px;border-left-width:0px;}.kadence-column_c6ff45-e7 > .kt-inside-inner-col,.kadence-column_c6ff45-e7 > .kt-inside-inner-col:before{border-top-left-radius:0px;border-top-right-radius:0px;border-bottom-right-radius:0px;border-bottom-left-radius:0px;}.kadence-column_c6ff45-e7 > .kt-inside-inner-col{column-gap:var(--global-kb-gap-sm, 1rem);}.kadence-column_c6ff45-e7 > .kt-inside-inner-col{flex-direction:column;}.kadence-column_c6ff45-e7 > .kt-inside-inner-col > .aligncenter{width:100%;}.kadence-column_c6ff45-e7 > .kt-inside-inner-col:before{opacity:0.3;}.kadence-column_c6ff45-e7{position:relative;}@media all and (max-width: 1024px){.kadence-column_c6ff45-e7 > .kt-inside-inner-col{flex-direction:column;justify-content:center;}}@media all and (max-width: 767px){.kadence-column_c6ff45-e7 > .kt-inside-inner-col{flex-direction:column;justify-content:center;}}<\/style>\n<div class=\"wp-block-kadence-column inner-column-1 kadence-column_c6ff45-e7\"><div class=\"kt-inside-inner-col\"><style>.wp-block-kadence-advancedheading.kt-adv-heading_e2f59d-49, .wp-block-kadence-advancedheading.kt-adv-heading_e2f59d-49[data-kb-block=\"kb-adv-heading_e2f59d-49\"]{margin-bottom:-10px;text-align:center;font-style:normal;}.wp-block-kadence-advancedheading.kt-adv-heading_e2f59d-49 mark.kt-highlight, .wp-block-kadence-advancedheading.kt-adv-heading_e2f59d-49[data-kb-block=\"kb-adv-heading_e2f59d-49\"] mark.kt-highlight{font-style:normal;color:#f76a0c;-webkit-box-decoration-break:clone;box-decoration-break:clone;padding-top:0px;padding-right:0px;padding-bottom:0px;padding-left:0px;}.wp-block-kadence-advancedheading.kt-adv-heading_e2f59d-49 img.kb-inline-image, .wp-block-kadence-advancedheading.kt-adv-heading_e2f59d-49[data-kb-block=\"kb-adv-heading_e2f59d-49\"] img.kb-inline-image{width:150px;vertical-align:baseline;}<\/style>\n<h2 class=\"kt-adv-heading_e2f59d-49 wp-block-kadence-advancedheading\" data-kb-block=\"kb-adv-heading_e2f59d-49\"><strong>TESTIMONIOS<\/strong><\/h2>\n\n\n<div class=\"n2-section-smartslider fitvidsignore  n2_clear\" data-ssid=\"9\"><div id=\"n2-ss-9-align\" class=\"n2-ss-align\"><div class=\"n2-padding\"><div id=\"n2-ss-9\" data-creator=\"Smart Slider 3\" data-responsive=\"auto\" class=\"n2-ss-slider n2-ow n2-has-hover n2notransition  \"><div class=\"n2-ss-slider-wrapper-inside\">\n        <div class=\"n2-ss-slider-1 n2_ss__touch_element n2-ow\">\n            <div class=\"n2-ss-slider-2 n2-ow\">\n                                                <div class=\"n2-ss-slider-3 n2-ow\">\n\n                    <div class=\"n2-ss-slide-backgrounds n2-ow-all\"><div class=\"n2-ss-slide-background\" data-public-id=\"1\" data-mode=\"fill\"><div data-color=\"RGBA(255,255,255,0)\" style=\"background-color: RGBA(255,255,255,0);\" class=\"n2-ss-slide-background-color\"><\/div><\/div><div class=\"n2-ss-slide-background\" data-public-id=\"2\" data-mode=\"fill\" aria-hidden=\"true\"><div data-color=\"RGBA(255,255,255,0)\" style=\"background-color: RGBA(255,255,255,0);\" class=\"n2-ss-slide-background-color\"><\/div><\/div><\/div>                    <div class=\"n2-ss-slider-4 n2-ow\">\n                        <svg xmlns=\"http:\/\/www.w3.org\/2000\/svg\" viewBox=\"0 0 940 400\" data-related-device=\"desktopPortrait\" class=\"n2-ow n2-ss-preserve-size n2-ss-preserve-size--slider n2-ss-slide-limiter\"><\/svg><div data-first=\"1\" data-slide-duration=\"0\" data-id=\"42\" data-slide-public-id=\"1\" data-title=\"Slide\" class=\"n2-ss-slide n2-ow  n2-ss-slide-42\"><div role=\"note\" class=\"n2-ss-slide--focus\" tabindex=\"-1\">Slide<\/div><div class=\"n2-ss-layers-container n2-ss-slide-limiter n2-ow\"><div class=\"n2-ss-layer n2-ow n-uc-JadG8Rxn9sXW\" data-sstype=\"slide\" data-pm=\"default\"><div class=\"n2-ss-layer n2-ow n-uc-fQFQMLcSA3I4\" data-pm=\"default\" data-sstype=\"content\" data-hasbackground=\"0\"><div class=\"n2-ss-section-main-content n2-ss-layer-with-background n2-ss-layer-content n2-ow n-uc-fQFQMLcSA3I4-inner\"><div class=\"n2-ss-layer n2-ow n2-ss-layer--block n2-ss-has-self-align n-uc-16fecee07a156\" data-pm=\"normal\" data-sstype=\"row\"><div class=\"n2-ss-layer-row n2-ss-layer-with-background n-uc-16fecee07a156-inner\"><div class=\"n2-ss-layer-row-inner \"><div class=\"n2-ss-layer n2-ow n-uc-103e5dd6ea136\" data-pm=\"default\" data-sstype=\"col\"><div class=\"n2-ss-layer-col n2-ss-layer-with-background n2-ss-layer-content n-uc-103e5dd6ea136-inner\"><div class=\"n2-ss-layer n2-ow n-uc-1a992158b3621\" data-pm=\"normal\" data-sstype=\"layer\"><div class=\" n2-ss-item-image-content n2-ss-item-content n2-ow-all\"><img loading=\"lazy\" decoding=\"async\" id=\"n2-ss-9item1\" alt=\"\" class=\"skip-lazy\" width=\"350\" height=\"348\" data-skip-lazy=\"1\" src=\"\/\/www.fundaciongeniales.org\/web.fundaciongeniales.org\/wp-content\/uploads\/2022\/07\/Carlos-Norman-.png\" \/><\/div><\/div><\/div><\/div><div class=\"n2-ss-layer n2-ow n-uc-17ac0a9a16e68\" data-pm=\"default\" data-sstype=\"col\"><div class=\"n2-ss-layer-col n2-ss-layer-with-background n2-ss-layer-content n-uc-17ac0a9a16e68-inner\"><div class=\"n2-ss-layer n2-ow n-uc-16e5f837a1aad\" data-pm=\"normal\" data-sstype=\"layer\"><div class=\"n2-ss-item-content n2-ss-text n2-ow-all\"><div class=\"\"><p class=\"n2-font-b7969d89ae66146397bb94c4d4187b35-paragraph   \">\u201cEn mi b\u00fasqueda constante de ser un mejor ser humano y formarme para llegar a ser un l\u00edder que logre guiar de la mejor forma a los que me rodean, tomar el programa de GENIALES fue lo m\u00e1s acertado. Cada m\u00f3dulo fue una experiencia muy positiva que aport\u00f3 a mi vida personal, familiar, laboral y social nuevos puntos de vista. Todas las ense\u00f1anzas recibidas las practicar\u00e9 y convertir\u00e9 en h\u00e1bitos, sus documentos ser\u00e1n de consulta obligada en los d\u00edas por venir.\u201d<\/p>\n<\/div><\/div><\/div><div class=\"n2-ss-layer n2-ow n-uc-149e4fbe86bef\" data-pm=\"normal\" data-sstype=\"layer\"><div id=\"n2-ss-9item3\" class=\"n2-font-213947c2f91d993878337aee8c0f3357-hover   n2-ss-item-content n2-ss-text n2-ow\" style=\"display:block;\">\u2022 Carlos Nordman \u2022<br>Gerente Operador Franquicia Totto<\/div><\/div><\/div><\/div><\/div><\/div><\/div><\/div><\/div><\/div><\/div><\/div><div data-slide-duration=\"0\" data-id=\"39\" data-slide-public-id=\"2\" aria-hidden=\"true\" data-title=\"Slide\" class=\"n2-ss-slide n2-ow  n2-ss-slide-39\"><div role=\"note\" class=\"n2-ss-slide--focus\" tabindex=\"-1\">Slide<\/div><div class=\"n2-ss-layers-container n2-ss-slide-limiter n2-ow\"><div class=\"n2-ss-layer n2-ow n-uc-E7sGBtvEtZpU\" data-sstype=\"slide\" data-pm=\"default\"><div class=\"n2-ss-layer n2-ow n-uc-C4KkbLIMpegY\" data-pm=\"default\" data-sstype=\"content\" data-hasbackground=\"0\"><div class=\"n2-ss-section-main-content n2-ss-layer-with-background n2-ss-layer-content n2-ow n-uc-C4KkbLIMpegY-inner\"><div class=\"n2-ss-layer n2-ow n2-ss-layer--block n2-ss-has-self-align n-uc-cMw0iglehvVE\" data-pm=\"normal\" data-sstype=\"row\"><div class=\"n2-ss-layer-row n2-ss-layer-with-background n-uc-cMw0iglehvVE-inner\"><div class=\"n2-ss-layer-row-inner \"><div class=\"n2-ss-layer n2-ow n-uc-V6BnC5ohFmLg\" data-pm=\"default\" data-sstype=\"col\"><div class=\"n2-ss-layer-col n2-ss-layer-with-background n2-ss-layer-content n-uc-V6BnC5ohFmLg-inner\"><div class=\"n2-ss-layer n2-ow n-uc-RxAhiQ8Vb5Kc\" data-pm=\"normal\" data-sstype=\"layer\"><div class=\" n2-ss-item-image-content n2-ss-item-content n2-ow-all\"><img decoding=\"async\" id=\"n2-ss-9item4\" alt=\"\" class=\"skip-lazy\" loading=\"lazy\" width=\"350\" height=\"348\" data-skip-lazy=\"1\" src=\"\/\/www.fundaciongeniales.org\/web.fundaciongeniales.org\/wp-content\/uploads\/2022\/07\/Maigualida-.png\" \/><\/div><\/div><\/div><\/div><div class=\"n2-ss-layer n2-ow n-uc-946UG22goq1g\" data-pm=\"default\" data-sstype=\"col\"><div class=\"n2-ss-layer-col n2-ss-layer-with-background n2-ss-layer-content n-uc-946UG22goq1g-inner\"><div class=\"n2-ss-layer n2-ow n-uc-Rg046lmkR01q\" data-pm=\"normal\" data-sstype=\"layer\"><div class=\"n2-ss-item-content n2-ss-text n2-ow-all\"><div class=\"\"><p class=\"n2-font-b7969d89ae66146397bb94c4d4187b35-paragraph   \">\u201cUna bonita oportunidad de crecimiento personal que nos brinda herramientas para nuestro autoconocimiento.Me sent\u00ed identificada con los resultados\u201d.<\/p>\n<\/div><\/div><\/div><div class=\"n2-ss-layer n2-ow n-uc-yBljAqBoVYaK\" data-pm=\"normal\" data-sstype=\"layer\"><div id=\"n2-ss-9item6\" class=\"n2-font-213947c2f91d993878337aee8c0f3357-hover   n2-ss-item-content n2-ss-text n2-ow\" style=\"display:block;\">\u2022MAIGUALIDA ESCUDERO P\u00c9REZ \u2022<br> Sociedad Portuaria de Cartagena<\/div><\/div><\/div><\/div><\/div><\/div><\/div><\/div><\/div><\/div><\/div><\/div>                    <\/div>\n\n                                    <\/div>\n            <\/div>\n        <\/div>\n        <div class=\"n2-ss-slider-controls n2-ss-slider-controls-absolute-left-center\"><div style=\"--widget-offset:15px;\" class=\"n2-ss-widget nextend-arrow n2-ow-all nextend-arrow-previous  nextend-arrow-animated-fade\" data-hide-mobileportrait=\"1\" id=\"n2-ss-9-arrow-previous\" role=\"button\" aria-label=\"previous arrow\" tabindex=\"0\"><img loading=\"lazy\" decoding=\"async\" width=\"32\" height=\"32\" class=\"skip-lazy\" data-skip-lazy=\"1\" src=\"data:image\/svg+xml;base64,PHN2ZyB3aWR0aD0iMzIiIGhlaWdodD0iMzIiIHZpZXdCb3g9IjAgMCAzMiAzMiIgeG1sbnM9Imh0dHA6Ly93d3cudzMub3JnLzIwMDAvc3ZnIj4KICAgIDxwYXRoIGQ9Ik0xMS40MzMgMTUuOTkyTDIyLjY5IDUuNzEyYy4zOTMtLjM5LjM5My0xLjAzIDAtMS40Mi0uMzkzLS4zOS0xLjAzLS4zOS0xLjQyMyAwbC0xMS45OCAxMC45NGMtLjIxLjIxLS4zLjQ5LS4yODUuNzYtLjAxNS4yOC4wNzUuNTYuMjg0Ljc3bDExLjk4IDEwLjk0Yy4zOTMuMzkgMS4wMy4zOSAxLjQyNCAwIC4zOTMtLjQuMzkzLTEuMDMgMC0xLjQybC0xMS4yNTctMTAuMjkiCiAgICAgICAgICBmaWxsPSIjMDBBMUIxIiBvcGFjaXR5PSIxIiBmaWxsLXJ1bGU9ImV2ZW5vZGQiLz4KPC9zdmc+\" alt=\"previous arrow\"><\/div><\/div><div class=\"n2-ss-slider-controls n2-ss-slider-controls-absolute-right-center\"><div style=\"--widget-offset:15px;\" class=\"n2-ss-widget nextend-arrow n2-ow-all nextend-arrow-next  nextend-arrow-animated-fade\" data-hide-mobileportrait=\"1\" id=\"n2-ss-9-arrow-next\" role=\"button\" aria-label=\"next arrow\" tabindex=\"0\"><img loading=\"lazy\" decoding=\"async\" width=\"32\" height=\"32\" class=\"skip-lazy\" data-skip-lazy=\"1\" src=\"data:image\/svg+xml;base64,PHN2ZyB3aWR0aD0iMzIiIGhlaWdodD0iMzIiIHZpZXdCb3g9IjAgMCAzMiAzMiIgeG1sbnM9Imh0dHA6Ly93d3cudzMub3JnLzIwMDAvc3ZnIj4KICAgIDxwYXRoIGQ9Ik0xMC43MjIgNC4yOTNjLS4zOTQtLjM5LTEuMDMyLS4zOS0xLjQyNyAwLS4zOTMuMzktLjM5MyAxLjAzIDAgMS40MmwxMS4yODMgMTAuMjgtMTEuMjgzIDEwLjI5Yy0uMzkzLjM5LS4zOTMgMS4wMiAwIDEuNDIuMzk1LjM5IDEuMDMzLjM5IDEuNDI3IDBsMTIuMDA3LTEwLjk0Yy4yMS0uMjEuMy0uNDkuMjg0LS43Ny4wMTQtLjI3LS4wNzYtLjU1LS4yODYtLjc2TDEwLjcyIDQuMjkzeiIKICAgICAgICAgIGZpbGw9IiMwMEExQjEiIG9wYWNpdHk9IjEiIGZpbGwtcnVsZT0iZXZlbm9kZCIvPgo8L3N2Zz4=\" alt=\"next arrow\"><\/div><\/div><\/div><\/div><ss3-loader><\/ss3-loader><\/div><\/div><div class=\"n2_clear\"><\/div><\/div><\/div><\/div>\n<\/div><\/div>\n<\/div><\/div><\/div>\n","protected":false},"excerpt":{"rendered":"EMPRESAS GENIALES B). FORTALECIMIENTO EN OTRAS COMPETENCIAS Alianza entre Geniales y The Talent System La aplicaci\u00f3n del test THT (desarrollado por la firma The Talent System) es una t\u00e9cnica que permite entenderse mejor a s\u00ed mismo y a la gente, apoyado en los cuatro temperamentos de Hip\u00f3crates y en la teor\u00eda del DISC. Se realiza&#8230;","protected":false},"author":1,"featured_media":1084,"parent":1078,"menu_order":13,"comment_status":"closed","ping_status":"closed","template":"","meta":{"_kad_post_transparent":"","_kad_post_title":"hide","_kad_post_layout":"fullwidth","_kad_post_sidebar_id":"","_kad_post_content_style":"","_kad_post_vertical_padding":"","_kad_post_feature":"","_kad_post_feature_position":"","_kad_post_header":false,"_kad_post_footer":false,"_kad_post_classname":"","_vp_format_video_url":"","_vp_image_focal_point":{"x":0.51,"y":0.54},"footnotes":""},"class_list":["post-1113","page","type-page","status-publish","has-post-thumbnail","hentry"],"_links":{"self":[{"href":"https:\/\/www.fundaciongeniales.org\/en\/wp-json\/wp\/v2\/pages\/1113","targetHints":{"allow":["GET"]}}],"collection":[{"href":"https:\/\/www.fundaciongeniales.org\/en\/wp-json\/wp\/v2\/pages"}],"about":[{"href":"https:\/\/www.fundaciongeniales.org\/en\/wp-json\/wp\/v2\/types\/page"}],"author":[{"embeddable":true,"href":"https:\/\/www.fundaciongeniales.org\/en\/wp-json\/wp\/v2\/users\/1"}],"replies":[{"embeddable":true,"href":"https:\/\/www.fundaciongeniales.org\/en\/wp-json\/wp\/v2\/comments?post=1113"}],"version-history":[{"count":5,"href":"https:\/\/www.fundaciongeniales.org\/en\/wp-json\/wp\/v2\/pages\/1113\/revisions"}],"predecessor-version":[{"id":1230,"href":"https:\/\/www.fundaciongeniales.org\/en\/wp-json\/wp\/v2\/pages\/1113\/revisions\/1230"}],"up":[{"embeddable":true,"href":"https:\/\/www.fundaciongeniales.org\/en\/wp-json\/wp\/v2\/pages\/1078"}],"wp:featuredmedia":[{"embeddable":true,"href":"https:\/\/www.fundaciongeniales.org\/en\/wp-json\/wp\/v2\/media\/1084"}],"wp:attachment":[{"href":"https:\/\/www.fundaciongeniales.org\/en\/wp-json\/wp\/v2\/media?parent=1113"}],"curies":[{"name":"wp","href":"https:\/\/api.w.org\/{rel}","templated":true}]}}