{"id":1062,"date":"2022-06-06T19:08:39","date_gmt":"2022-06-06T19:08:39","guid":{"rendered":"https:\/\/www.fundaciongeniales.org\/web.fundaciongeniales.org\/?page_id=1062"},"modified":"2022-06-10T22:44:15","modified_gmt":"2022-06-10T22:44:15","slug":"certificacion-instituciones-geniales","status":"publish","type":"page","link":"https:\/\/www.fundaciongeniales.org\/en\/organizaciones-geniales\/instituciones-educativas-geniales\/certificacion-instituciones-geniales\/","title":{"rendered":"Certificaci\u00f3n Instituciones Geniales"},"content":{"rendered":"<style>#kt-layout-id_f22fcc-3c{margin-top:0px;margin-bottom:0px;}#kt-layout-id_f22fcc-3c > .kt-row-column-wrap{align-content:start;}:where(#kt-layout-id_f22fcc-3c > .kt-row-column-wrap) > .wp-block-kadence-column{justify-content:start;}#kt-layout-id_f22fcc-3c > .kt-row-column-wrap{column-gap:var(--global-kb-gap-md, 2rem);row-gap:var(--global-kb-gap-md, 2rem);max-width:var( --global-content-width, 1200px );padding-left:var(--global-content-edge-padding);padding-right:var(--global-content-edge-padding);padding-top:var( --global-kb-row-default-top, 25px );padding-bottom:var( --global-kb-row-default-bottom, 25px );padding-top:100px;padding-bottom:100px;padding-left:0px;padding-right:0px;grid-template-columns:minmax(0, 1fr);}#kt-layout-id_f22fcc-3c{background-image:url('https:\/\/www.fundaciongeniales.org\/web.fundaciongeniales.org\/wp-content\/uploads\/2022\/06\/banner-1-2.jpg');background-size:cover;background-position:50% 49%;background-attachment:scroll;background-repeat:no-repeat;}#kt-layout-id_f22fcc-3c > .kt-row-layout-overlay{opacity:1;}@media all and (max-width: 1024px){#kt-layout-id_f22fcc-3c > .kt-row-column-wrap{grid-template-columns:minmax(0, 1fr);}}@media all and (max-width: 767px){#kt-layout-id_f22fcc-3c > .kt-row-column-wrap{padding-top:40px;padding-bottom:40px;padding-left:0px;padding-right:0px;grid-template-columns:minmax(0, 1fr);}}<\/style>\n<div class=\"wp-block-kadence-rowlayout alignnone header-title-1 ht1-mod-b\"><div id=\"kt-layout-id_f22fcc-3c\" class=\"kt-row-layout-inner kt-row-has-bg kt-layout-id_f22fcc-3c\"><div class=\"kt-row-column-wrap kt-has-1-columns kt-gutter-default kt-v-gutter-default kt-row-valign-top kt-row-layout-equal kt-tab-layout-inherit kt-m-colapse-left-to-right kt-mobile-layout-row kb-theme-content-width\"><style>.kadence-column_1ac099-52 > .kt-inside-inner-col{display:flex;}.kadence-column_1ac099-52 > .kt-inside-inner-col{padding-top:0px;padding-bottom:0px;padding-left:0px;padding-right:0px;}.kadence-column_1ac099-52 > .kt-inside-inner-col{border-top-width:0px;border-right-width:0px;border-bottom-width:0px;border-left-width:0px;}.kadence-column_1ac099-52 > .kt-inside-inner-col,.kadence-column_1ac099-52 > .kt-inside-inner-col:before{border-top-left-radius:0px;border-top-right-radius:0px;border-bottom-right-radius:0px;border-bottom-left-radius:0px;}.kadence-column_1ac099-52 > .kt-inside-inner-col{column-gap:var(--global-kb-gap-sm, 1rem);}.kadence-column_1ac099-52 > .kt-inside-inner-col{flex-direction:column;justify-content:flex-start;}.kadence-column_1ac099-52 > .kt-inside-inner-col > .aligncenter{width:100%;}.kt-row-column-wrap > .kadence-column_1ac099-52{align-self:flex-start;}.kt-inner-column-height-full:not(.kt-has-1-columns) > .wp-block-kadence-column.kadence-column_1ac099-52{align-self:auto;}.kt-inner-column-height-full:not(.kt-has-1-columns) > .wp-block-kadence-column.kadence-column_1ac099-52 > .kt-inside-inner-col{flex-direction:column;justify-content:flex-start;}.kadence-column_1ac099-52 > .kt-inside-inner-col:before{opacity:0.3;}.kadence-column_1ac099-52{text-align:left;}.kadence-column_1ac099-52{position:relative;}.wp-block-kadence-column.kadence-column_1ac099-52 > .kt-inside-inner-col{margin-top:0px;margin-bottom:0px;margin-right:0px;margin-left:0px;}@media all and (max-width: 1024px){.kt-row-column-wrap > .kadence-column_1ac099-52{align-self:flex-start;}}@media all and (max-width: 1024px){.kt-inner-column-height-full:not(.kt-has-1-columns) > .wp-block-kadence-column.kadence-column_1ac099-52{align-self:auto;}}@media all and (max-width: 1024px){.kt-inner-column-height-full:not(.kt-has-1-columns) > .wp-block-kadence-column.kadence-column_1ac099-52 > .kt-inside-inner-col{flex-direction:column;justify-content:flex-start;}}@media all and (max-width: 1024px){.kadence-column_1ac099-52 > .kt-inside-inner-col{flex-direction:column;justify-content:flex-start;}}@media all and (max-width: 767px){.kt-row-column-wrap > .kadence-column_1ac099-52{align-self:flex-start;}.kt-inner-column-height-full:not(.kt-has-1-columns) > .wp-block-kadence-column.kadence-column_1ac099-52{align-self:auto;}.kt-inner-column-height-full:not(.kt-has-1-columns) > .wp-block-kadence-column.kadence-column_1ac099-52 > .kt-inside-inner-col{flex-direction:column;justify-content:flex-start;}.kadence-column_1ac099-52 > .kt-inside-inner-col{flex-direction:column;justify-content:flex-start;}}<\/style>\n<div class=\"wp-block-kadence-column inner-column-1 kadence-column_1ac099-52\"><div class=\"kt-inside-inner-col\"><\/div><\/div>\n<\/div><\/div><\/div>\n\n\n<style>#kt-layout-id_e94a52-ac > .kt-row-column-wrap{align-content:start;}:where(#kt-layout-id_e94a52-ac > .kt-row-column-wrap) > .wp-block-kadence-column{justify-content:start;}#kt-layout-id_e94a52-ac > .kt-row-column-wrap{column-gap:var(--global-kb-gap-md, 2rem);row-gap:var(--global-kb-gap-md, 2rem);max-width:890px;margin-left:auto;margin-right:auto;padding-top:var( --global-kb-row-default-top, 25px );padding-bottom:var( --global-kb-row-default-bottom, 25px );padding-top:80px;padding-bottom:100px;padding-left:15px;padding-right:15px;grid-template-columns:minmax(0, 1fr);}#kt-layout-id_e94a52-ac > .kt-row-layout-overlay{opacity:0.30;}@media all and (max-width: 1024px){#kt-layout-id_e94a52-ac > .kt-row-column-wrap{grid-template-columns:minmax(0, 1fr);}}@media all and (max-width: 767px){#kt-layout-id_e94a52-ac > .kt-row-column-wrap{grid-template-columns:minmax(0, 1fr);}}<\/style>\n<div class=\"wp-block-kadence-rowlayout alignnone\"><div id=\"kt-layout-id_e94a52-ac\" class=\"kt-row-layout-inner kt-layout-id_e94a52-ac\"><div class=\"kt-row-column-wrap kt-has-1-columns kt-gutter-default kt-v-gutter-default kt-row-valign-top kt-row-layout-equal kt-tab-layout-inherit kt-m-colapse-left-to-right kt-mobile-layout-row\"><style>.kadence-column_958a5c-b9 > .kt-inside-inner-col{border-top-width:0px;border-right-width:0px;border-bottom-width:0px;border-left-width:0px;}.kadence-column_958a5c-b9 > .kt-inside-inner-col,.kadence-column_958a5c-b9 > .kt-inside-inner-col:before{border-top-left-radius:0px;border-top-right-radius:0px;border-bottom-right-radius:0px;border-bottom-left-radius:0px;}.kadence-column_958a5c-b9 > .kt-inside-inner-col{column-gap:var(--global-kb-gap-sm, 1rem);}.kadence-column_958a5c-b9 > .kt-inside-inner-col{flex-direction:column;}.kadence-column_958a5c-b9 > .kt-inside-inner-col > .aligncenter{width:100%;}.kadence-column_958a5c-b9 > .kt-inside-inner-col:before{opacity:0.3;}.kadence-column_958a5c-b9{position:relative;}@media all and (max-width: 1024px){.kadence-column_958a5c-b9 > .kt-inside-inner-col{flex-direction:column;justify-content:center;}}@media all and (max-width: 767px){.kadence-column_958a5c-b9 > .kt-inside-inner-col{flex-direction:column;justify-content:center;}}<\/style>\n<div class=\"wp-block-kadence-column inner-column-1 kadence-column_958a5c-b9\"><div class=\"kt-inside-inner-col\"><div class=\"wp-block-image\">\n<figure class=\"aligncenter size-large is-resized\"><img loading=\"lazy\" decoding=\"async\" src=\"https:\/\/www.fundaciongeniales.org\/web.fundaciongeniales.org\/wp-content\/uploads\/2022\/06\/certificado-instituciones-geniales.svg\" alt=\"\" class=\"wp-image-1060\" width=\"200\" height=\"200\"\/><\/figure>\n<\/div>\n\n\n<p class=\"has-text-align-center has-theme-palette-3-color has-text-color\" style=\"font-size:25px;letter-spacing:3px\"><strong>INSTITUCIONES EDUCATIVAS<\/strong> <strong>GENIALES<\/strong><\/p>\n\n\n<style>.wp-block-kadence-advancedheading.kt-adv-heading_371d1e-ea, .wp-block-kadence-advancedheading.kt-adv-heading_371d1e-ea[data-kb-block=\"kb-adv-heading_371d1e-ea\"]{margin-top:-20px;text-align:center;font-style:normal;text-transform:uppercase;}.wp-block-kadence-advancedheading.kt-adv-heading_371d1e-ea mark.kt-highlight, .wp-block-kadence-advancedheading.kt-adv-heading_371d1e-ea[data-kb-block=\"kb-adv-heading_371d1e-ea\"] mark.kt-highlight{font-style:normal;color:#f76a0c;-webkit-box-decoration-break:clone;box-decoration-break:clone;padding-top:0px;padding-right:0px;padding-bottom:0px;padding-left:0px;}.wp-block-kadence-advancedheading.kt-adv-heading_371d1e-ea img.kb-inline-image, .wp-block-kadence-advancedheading.kt-adv-heading_371d1e-ea[data-kb-block=\"kb-adv-heading_371d1e-ea\"] img.kb-inline-image{width:150px;vertical-align:baseline;}<\/style>\n<h2 class=\"kt-adv-heading_371d1e-ea wp-block-kadence-advancedheading\" data-kb-block=\"kb-adv-heading_371d1e-ea\"><strong><strong>A). CERTIFICACI\u00d3N INSTITUCIONES EDUCATIVAS GENIALES<\/strong><\/strong><\/h2>\n\n\n\n<p class=\"has-text-align-center\">Una Instituci\u00f3n Educativa GENIAL alinea sus contenidos y modelo de relaci\u00f3n pedag\u00f3gica, apoyando aprendizajes significativos centrados en la persona, para mejorar el clima escolar, el desempe\u00f1o y la motivaci\u00f3n de los estudiantes. Promueve y estimula el reconocimiento y desarrollo de talentos naturales e inteligencias predominantes, habilidades y competencias socioemocionales, ciudadanas, \u00e9ticas, sociales y laborales que conduzcan a la realizaci\u00f3n de los proyectos de vida de docentes, estudiantes y familias para que estimulen a lograr excelencia personal, prosperidad y felicidad.<\/p>\n\n\n\n<p>Para lograr este reconocimiento, la instituci\u00f3n educativa debe alcanzar los siguientes indicadores:<\/p>\n\n\n\n<ul class=\"wp-block-list\"><li>Que m\u00ednimo el 80% de los docentes y directivos docentes realicen el Programa Geniales.<\/li><li>Revisi\u00f3n del PEI y Curriculum de la instituci\u00f3n que incluya las competencias blandas y\/o socio emocionales que se trabajan en Geniales. Compromiso de la Instituci\u00f3n Educativa por incluir el programa de DHI dentro de su plan de mejoramiento institucional<\/li><li>Que incluya el trabajo con un grupo de estudiantes y padres de familia.<\/li><\/ul>\n<\/div><\/div>\n<\/div><\/div><\/div>\n","protected":false},"excerpt":{"rendered":"INSTITUCIONES EDUCATIVAS GENIALES A). CERTIFICACI\u00d3N INSTITUCIONES EDUCATIVAS GENIALES Una Instituci\u00f3n Educativa GENIAL alinea sus contenidos y modelo de relaci\u00f3n pedag\u00f3gica, apoyando aprendizajes significativos centrados en la persona, para mejorar el clima escolar, el desempe\u00f1o y la motivaci\u00f3n de los estudiantes. Promueve y estimula el reconocimiento y desarrollo de talentos naturales e inteligencias predominantes, habilidades y&#8230;","protected":false},"author":1,"featured_media":0,"parent":1044,"menu_order":16,"comment_status":"closed","ping_status":"closed","template":"","meta":{"_kad_post_transparent":"","_kad_post_title":"hide","_kad_post_layout":"fullwidth","_kad_post_sidebar_id":"","_kad_post_content_style":"","_kad_post_vertical_padding":"","_kad_post_feature":"","_kad_post_feature_position":"","_kad_post_header":false,"_kad_post_footer":false,"_kad_post_classname":"","_vp_format_video_url":"","_vp_image_focal_point":{"x":0.53,"y":0.6},"footnotes":""},"class_list":["post-1062","page","type-page","status-publish","hentry"],"_links":{"self":[{"href":"https:\/\/www.fundaciongeniales.org\/en\/wp-json\/wp\/v2\/pages\/1062","targetHints":{"allow":["GET"]}}],"collection":[{"href":"https:\/\/www.fundaciongeniales.org\/en\/wp-json\/wp\/v2\/pages"}],"about":[{"href":"https:\/\/www.fundaciongeniales.org\/en\/wp-json\/wp\/v2\/types\/page"}],"author":[{"embeddable":true,"href":"https:\/\/www.fundaciongeniales.org\/en\/wp-json\/wp\/v2\/users\/1"}],"replies":[{"embeddable":true,"href":"https:\/\/www.fundaciongeniales.org\/en\/wp-json\/wp\/v2\/comments?post=1062"}],"version-history":[{"count":12,"href":"https:\/\/www.fundaciongeniales.org\/en\/wp-json\/wp\/v2\/pages\/1062\/revisions"}],"predecessor-version":[{"id":1184,"href":"https:\/\/www.fundaciongeniales.org\/en\/wp-json\/wp\/v2\/pages\/1062\/revisions\/1184"}],"up":[{"embeddable":true,"href":"https:\/\/www.fundaciongeniales.org\/en\/wp-json\/wp\/v2\/pages\/1044"}],"wp:attachment":[{"href":"https:\/\/www.fundaciongeniales.org\/en\/wp-json\/wp\/v2\/media?parent=1062"}],"curies":[{"name":"wp","href":"https:\/\/api.w.org\/{rel}","templated":true}]}}